{"id":2638,"date":"2017-09-28T13:53:54","date_gmt":"2017-09-28T11:53:54","guid":{"rendered":"http:\/\/frankfurter-gruppe.de\/seminars\/rhein-main-fuehrungskraefte-curriculum\/"},"modified":"2017-09-28T14:59:15","modified_gmt":"2017-09-28T12:59:15","slug":"rhein-main-fuehrungskraefte-curriculum","status":"publish","type":"page","link":"https:\/\/frankfurter-gruppe.de\/en\/seminars\/rhein-main-fuehrungskraefte-curriculum\/","title":{"rendered":"Rhein-\u200bMain &#8211; Regional Leadership Program"},"content":{"rendered":"<p>[et_pb_section admin_label=&#8221;Sektion&#8221; fullwidth=&#8221;off&#8221; specialty=&#8221;off&#8221;][et_pb_row admin_label=&#8221;Zeile&#8221;][et_pb_column type=&#8221;4_4&#8243;][et_pb_text admin_label=&#8221;Rhein- Main F\u00fch\u00adrungs\u00adkr\u00e4f\u00adte Cur\u00adri\u00adcu\u00adlum&#8221; background_layout=&#8221;light&#8221; text_orientation=&#8221;left&#8221; text_font_size=&#8221;14&#8243; use_border_color=&#8221;off&#8221; border_color=&#8221;#ffffff&#8221; border_style=&#8221;solid&#8221;]<\/p>\n<h4>Lern\u00adwerk\u00adstatt f\u00fcr Praktiker:<\/h4>\n<p>&nbsp;<\/p>\n<h1>Rhein-\u200bMain F\u00fch\u00adrungs\u00adkr\u00e4f\u00adte Cur\u00adri\u00adcu\u00adlum<\/h1>\n<p>&nbsp;<br \/>\n[\/et_pb_text][\/et_pb_column][\/et_pb_row][et_pb_row admin_label=&#8221;Zeile&#8221;][et_pb_column type=&#8221;2_3&#8243;][et_pb_text admin_label=&#8221;Text&#8221; background_layout=&#8221;light&#8221; text_orientation=&#8221;left&#8221; text_font_size=&#8221;14&#8243; use_border_color=&#8221;off&#8221; border_color=&#8221;#ffffff&#8221; border_style=&#8221;solid&#8221;]<\/p>\n<h4>Die F\u00fch\u00adrungs\u00adrol\u00adle wird an\u00adspruchs\u00advol\u00adler. Die F\u00fch\u00adrungs\u00adsi\u00adtua\u00adtio\u00adnen werden komplexer, die G\u00fcl\u00adtig\u00adkeit stan\u00addar\u00addi\u00adsier\u00adten Wissens oder Ver\u00adhal\u00adtens nimmt ab. Sind Sie oder die F\u00fch\u00adrungs\u00adkr\u00e4f\u00adte Ihres Un\u00adter\u00adneh\u00admens auf zu\u00adk\u00fcnf\u00adti\u00adge Ma\u00adnage\u00admentan\u00adfor\u00adde\u00adrun\u00adgen wirklich gut vor\u00adbe\u00adrei\u00adtet?<\/h4>\n<p>&nbsp;<br \/>\n[\/et_pb_text][et_pb_image admin_label=&#8221;Bild&#8221; src=&#8221;http:\/\/frankfurter-gruppe.de\/wp-content\/uploads\/2016\/02\/Cur\u00adri\u00adcu\u00adlum-Leaders-Lab.jpg&#8221; show_in_lightbox=&#8221;off&#8221; url_new_window=&#8221;off&#8221; animation=&#8221;fade_in&#8221; sticky=&#8221;off&#8221; align=&#8221;left&#8221; force_fullwidth=&#8221;off&#8221; always_center_on_mobile=&#8221;on&#8221; use_border_color=&#8221;off&#8221; border_color=&#8221;#ffffff&#8221; border_style=&#8221;solid&#8221;]<\/p>\n<p>[\/et_pb_image][et_pb_text admin_label=&#8221;Text&#8221; background_layout=&#8221;light&#8221; text_orientation=&#8221;left&#8221; text_font_size=&#8221;14&#8243; use_border_color=&#8221;off&#8221; border_color=&#8221;#ffffff&#8221; border_style=&#8221;solid&#8221;]<\/p>\n<p>F\u00fch\u00adrungs\u00adkr\u00e4f\u00adte werden in ihren Un\u00adter\u00adneh\u00admen und Or\u00adga\u00adni\u00adsa\u00adtio\u00adnen immer st\u00e4rker als interne Un\u00adter\u00adneh\u00adme\u00adrIn\u00adnen, als In\u00adtra\u00adpre\u00adneurs gefordert. Sie \u00fcber\u00adneh\u00admen dabei Ver\u00adant\u00adwor\u00adtung f\u00fcr die ziel\u00adori\u00aden\u00adtier\u00adte Ge\u00adstal\u00adtung und Wei\u00adter\u00adent\u00adwick\u00adlung ihrer F\u00fch\u00adrungs\u00adland\u00adschaft mit den darin han\u00addeln\u00adden Personen.<\/p>\n<p>Um diese An\u00adfor\u00adde\u00adrung nach\u00adhal\u00adtig zu ver\u00adwirk\u00adli\u00adchen, brauchen F\u00fch\u00adrungs\u00adkr\u00e4f\u00adte neben ihren Ma\u00adnage\u00adment\u00adf\u00e4\u00adhig\u00adkei\u00adten drei Schl\u00fcs\u00adsel\u00adkom\u00adpe\u00adten\u00adzen:<\/p>\n<ul>\n<li style=\"list-style-type: none;\">\n<ul>\n<li>Ver\u00adant\u00adwor\u00adtung f\u00fcr sich und den eigenen Auf\u00adga\u00adben\u00adbe\u00adreich zu \u00fcber\u00adneh\u00admen und dabei den Blick f\u00fcrs Ganze zu bewahren,<\/li>\n<\/ul>\n<\/li>\n<\/ul>\n<p>&nbsp;<\/p>\n<ul>\n<li style=\"list-style-type: none;\">\n<ul>\n<li>un\u00adter\u00adneh\u00adme\u00adrisch und das bedeutet ri\u00adsi\u00adko\u00adsen\u00adsi\u00adbel zu denken und zu handeln<\/li>\n<\/ul>\n<\/li>\n<\/ul>\n<p>&nbsp;<\/p>\n<ul>\n<li style=\"list-style-type: none;\">\n<ul>\n<li>und die F\u00e4higkeit, Ar\u00adbeits\u00adbe\u00adzie\u00adhun\u00adgen so zu gestalten, dass Selbst\u00ador\u00adga\u00adni\u00adsa\u00adti\u00adon und Selbst\u00adver\u00adant\u00adwor\u00adtung der Mit\u00adar\u00adbei\u00adten\u00adden m\u00f6glich wird.<\/li>\n<\/ul>\n<\/li>\n<\/ul>\n<p>&nbsp;<br \/>\n[\/et_pb_text][\/et_pb_column][et_pb_column type=&#8221;1_3&#8243;][\/et_pb_column][\/et_pb_row][\/et_pb_section][et_pb_section admin_label=&#8221;Sektion&#8221; fullwidth=&#8221;off&#8221; specialty=&#8221;off&#8221; transparent_background=&#8221;off&#8221; background_color=&#8221;#eeeeee&#8221; allow_player_pause=&#8221;off&#8221; inner_shadow=&#8221;off&#8221; parallax=&#8221;off&#8221; parallax_method=&#8221;off&#8221; padding_mobile=&#8221;off&#8221; make_fullwidth=&#8221;off&#8221; use_custom_width=&#8221;off&#8221; width_unit=&#8221;on&#8221; make_equal=&#8221;off&#8221; use_custom_gutter=&#8221;off&#8221; gutter_width=&#8221;3&#8243;][et_pb_row admin_label=&#8221;Zeile&#8221;][et_pb_column type=&#8221;4_4&#8243;][et_pb_text admin_label=&#8221;F\u00fch\u00adrungs\u00adqua\u00adli\u00adt\u00e4t und F\u00fch\u00adrungs\u00adkom\u00adpe\u00adtenz&#8221; background_layout=&#8221;light&#8221; text_orientation=&#8221;left&#8221; text_font_size=&#8221;14&#8243; use_border_color=&#8221;off&#8221; border_color=&#8221;#ffffff&#8221; border_style=&#8221;solid&#8221;]<\/p>\n<h2>F\u00fch\u00adrungs\u00adqua\u00adli\u00adt\u00e4t und F\u00fch\u00adrungs\u00adkom\u00adpe\u00adtenz<\/h2>\n<p>&nbsp;<br \/>\n[\/et_pb_text][\/et_pb_column][\/et_pb_row][et_pb_row admin_label=&#8221;Zeile&#8221;][et_pb_column type=&#8221;2_3&#8243;][et_pb_text admin_label=&#8221;Text&#8221; background_layout=&#8221;light&#8221; text_orientation=&#8221;left&#8221; text_font_size=&#8221;14&#8243; use_border_color=&#8221;off&#8221; border_color=&#8221;#ffffff&#8221; border_style=&#8221;solid&#8221;]<\/p>\n<p>F\u00fch\u00adrungs\u00adqua\u00adli\u00adt\u00e4t und F\u00fch\u00adrungs\u00adkom\u00adpe\u00adtenz in der Balance zur eigenen Per\u00ads\u00f6n\u00adlich\u00adkeit zu ent\u00adwi\u00adckeln, um erst\u00adklas\u00adsi\u00adge Er\u00adgeb\u00adnis\u00adse zu erzielen ist eine Her\u00adaus\u00adfor\u00adde\u00adrung, die es zu ent\u00adwi\u00adckeln gilt.<\/p>\n<p>Wer seine F\u00fchrungskompetenzen gut entwickelt, bedient den wohl st\u00e4rksten Stellhebel f\u00fcr seinen unternehmerischen Erfolg in der Zukunft. Gut entwickelte F\u00fchrungskr\u00e4fte treffen die richtigen Entscheidungen, motivieren und orientieren die Mitarbeiter und gestalten wirkungsvolle Strategien und effiziente Prozesse. Wir bieten Ihnen eine F\u00fchrungskr\u00e4fteentwicklung an, die die individuellen F\u00fchrungskompetenzen weiterentwickeln hilft und somit f\u00fcr Sie und\u00a0das Ziel der Unternehmenswertsteigerung der gr\u00f6\u00dfte Effekt erw\u00e4chst.<\/p>\n<p>[\/et_pb_text][\/et_pb_column][et_pb_column type=&#8221;1_3&#8243;][\/et_pb_column][\/et_pb_row][\/et_pb_section][et_pb_section admin_label=&#8221;Sektion&#8221; fullwidth=&#8221;off&#8221; specialty=&#8221;off&#8221;][et_pb_row admin_label=&#8221;Zeile&#8221;][et_pb_column type=&#8221;4_4&#8243;][et_pb_text admin_label=&#8221;Das Cur\u00adri\u00adcu\u00adlum&#8221; background_layout=&#8221;light&#8221; text_orientation=&#8221;left&#8221; text_font_size=&#8221;14&#8243; use_border_color=&#8221;off&#8221; border_color=&#8221;#ffffff&#8221; border_style=&#8221;solid&#8221;]<\/p>\n<h2>Das Cur\u00adri\u00adcu\u00adlum<\/h2>\n<p>&nbsp;<br \/>\n[\/et_pb_text][\/et_pb_column][\/et_pb_row][et_pb_row admin_label=&#8221;Zeile&#8221;][et_pb_column type=&#8221;2_3&#8243;][et_pb_text admin_label=&#8221;Text&#8221; background_layout=&#8221;light&#8221; text_orientation=&#8221;left&#8221; text_font_size=&#8221;14&#8243; use_border_color=&#8221;off&#8221; border_color=&#8221;#ffffff&#8221; border_style=&#8221;solid&#8221;]<\/p>\n<p>Das Curriculum hat eine Laufzeit von ca. 7-9 Monaten und gliedert sich in vier 3-t\u00e4gige Module sowie Treffen zur Kollegialen Beratung.<\/p>\n<p>Die Seminare sind die Plattform der the\u00adma\u00adti\u00adschen Be\u00adar\u00adbei\u00adtung mit Theo\u00adri\u00adein\u00adputs, \u00dcbungs\u00adse\u00adquen\u00adzen, Dis\u00adkus\u00adsi\u00adon, Reflexion und Ideen zum Praxistransfer zur individuellen F\u00fchrungsentwicklung.<\/p>\n<p>Die Treffen zur Kollegialen Beratung finden in stabilen Gruppen mit 2-4 Teil\u00adneh\u00admern statt. Sie unterst\u00fctzen den in\u00addi\u00advi\u00addu\u00adel\u00adlen Lern\u00adpro\u00adzess und den Pra\u00adxis\u00adtrans\u00adfer.<\/p>\n<p>[\/et_pb_text][\/et_pb_column][et_pb_column type=&#8221;1_3&#8243;][\/et_pb_column][\/et_pb_row][\/et_pb_section][et_pb_section admin_label=&#8221;Sektion&#8221; fullwidth=&#8221;off&#8221; specialty=&#8221;off&#8221; transparent_background=&#8221;off&#8221; background_color=&#8221;#eeeeee&#8221; allow_player_pause=&#8221;off&#8221; inner_shadow=&#8221;off&#8221; parallax=&#8221;off&#8221; parallax_method=&#8221;off&#8221; padding_mobile=&#8221;off&#8221; make_fullwidth=&#8221;off&#8221; use_custom_width=&#8221;off&#8221; width_unit=&#8221;on&#8221; make_equal=&#8221;off&#8221; use_custom_gutter=&#8221;off&#8221; gutter_width=&#8221;3&#8243;][et_pb_row admin_label=&#8221;Zeile&#8221;][et_pb_column type=&#8221;4_4&#8243;][et_pb_text admin_label=&#8221;Der Ablauf des Cur\u00adri\u00adcu\u00adl\u00adums&#8221; background_layout=&#8221;light&#8221; text_orientation=&#8221;left&#8221; text_font_size=&#8221;14&#8243; use_border_color=&#8221;off&#8221; border_color=&#8221;#ffffff&#8221; border_style=&#8221;solid&#8221;]<\/p>\n<h2>Der Ablauf \u00a0des Cur\u00adri\u00adcu\u00adl\u00adums<\/h2>\n<p>&nbsp;<br \/>\n[\/et_pb_text][\/et_pb_column][\/et_pb_row][et_pb_row admin_label=&#8221;Zeile&#8221; make_fullwidth=&#8221;off&#8221; use_custom_width=&#8221;off&#8221; width_unit=&#8221;on&#8221; use_custom_gutter=&#8221;off&#8221; gutter_width=&#8221;3&#8243; padding_mobile=&#8221;off&#8221; allow_player_pause=&#8221;off&#8221; parallax=&#8221;off&#8221; parallax_method=&#8221;off&#8221; make_equal=&#8221;on&#8221; parallax_1=&#8221;off&#8221; parallax_method_1=&#8221;off&#8221; background_color_1=&#8221;#ffffff&#8221; padding_top_1=&#8221;30px&#8221; padding_right_1=&#8221;30px&#8221; padding_bottom_1=&#8221;30px&#8221; padding_left_1=&#8221;30px&#8221; parallax_2=&#8221;off&#8221; parallax_method_2=&#8221;off&#8221; background_color_2=&#8221;#ffffff&#8221; padding_top_2=&#8221;30px&#8221; padding_right_2=&#8221;30px&#8221; padding_bottom_2=&#8221;30px&#8221; padding_left_2=&#8221;30px&#8221; parallax_3=&#8221;off&#8221; parallax_method_3=&#8221;off&#8221; background_color_3=&#8221;#ffffff&#8221; padding_top_3=&#8221;30px&#8221; padding_right_3=&#8221;30px&#8221; padding_bottom_3=&#8221;30px&#8221; padding_left_3=&#8221;30px&#8221; parallax_4=&#8221;off&#8221; parallax_method_4=&#8221;off&#8221; background_color_4=&#8221;#ffffff&#8221; padding_top_4=&#8221;30px&#8221; padding_right_4=&#8221;30px&#8221; padding_bottom_4=&#8221;30px&#8221; padding_left_4=&#8221;30px&#8221; column_padding_mobile=&#8221;on&#8221;][et_pb_column type=&#8221;1_4&#8243;][et_pb_text admin_label=&#8221;Modul 1&#8243; background_layout=&#8221;light&#8221; text_orientation=&#8221;left&#8221; text_font_size=&#8221;14&#8243; use_border_color=&#8221;off&#8221; border_color=&#8221;#ffffff&#8221; border_style=&#8221;solid&#8221;]<\/p>\n<p>Modul 1<\/p>\n<h4>Meine Rolle als F\u00fch\u00adrungs\u00adkraft<\/h4>\n<p>&nbsp;<\/p>\n<ul>\n<li style=\"list-style-type: none;\">\n<ul>\n<li>Was sind die Grund\u00adla\u00adgen er\u00adfolg\u00adrei\u00adcher F\u00fchrung?<\/li>\n<\/ul>\n<\/li>\n<\/ul>\n<p>&nbsp;<\/p>\n<ul>\n<li style=\"list-style-type: none;\">\n<ul>\n<li>Was sind meine Po\u00adten\u00adzia\u00adle und Kom\u00adpe\u00adten\u00adzen als F\u00fch\u00adrungs\u00adkraft?<\/li>\n<\/ul>\n<\/li>\n<\/ul>\n<p>&nbsp;<\/p>\n<ul>\n<li style=\"list-style-type: none;\">\n<ul>\n<li>Wo kann ich meinen Erfolg in meiner F\u00fch\u00adrungs\u00adrol\u00adle steigern?<\/li>\n<\/ul>\n<\/li>\n<\/ul>\n<p>&nbsp;<\/p>\n<ul>\n<li style=\"list-style-type: none;\">\n<ul>\n<li>Wie verhalte ich mich an\u00adge\u00admes\u00adsen in meiner F\u00fch\u00adrungs\u00adrol\u00adle?<\/li>\n<\/ul>\n<\/li>\n<\/ul>\n<p>&nbsp;<\/p>\n<ul>\n<li style=\"list-style-type: none;\">\n<ul>\n<li>Wie arbeite ich er\u00adfolg\u00adreich an meiner F\u00fch\u00adrungs\u00adrol\u00adle weiter?<\/li>\n<\/ul>\n<\/li>\n<\/ul>\n<p>&nbsp;<\/p>\n<ul>\n<li style=\"list-style-type: none;\">\n<ul>\n<li>Das per\u00ads\u00f6n\u00adli\u00adche F\u00fch\u00adrungs\u00adthe\u00adma<\/li>\n<\/ul>\n<\/li>\n<\/ul>\n<p>&nbsp;<br \/>\n[\/et_pb_text][\/et_pb_column][et_pb_column type=&#8221;1_4&#8243;][et_pb_text admin_label=&#8221;Modul 2&#8243; background_layout=&#8221;light&#8221; text_orientation=&#8221;left&#8221; text_font_size=&#8221;14&#8243; use_border_color=&#8221;off&#8221; border_color=&#8221;#ffffff&#8221; border_style=&#8221;solid&#8221;]<\/p>\n<p>Modul 2<\/p>\n<h4>Ge\u00adspr\u00e4chs\u00adf\u00fch\u00adrung und Konfliktmanagement im F\u00fch\u00adrungs\u00adall\u00adtag<\/h4>\n<p>&nbsp;<\/p>\n<ul>\n<li style=\"list-style-type: none;\">\n<ul>\n<li>Wie agiere ich in wichtigen Ge\u00adspr\u00e4\u00adchen als F\u00fch\u00adrungs\u00adkraft?<\/li>\n<\/ul>\n<\/li>\n<\/ul>\n<p>&nbsp;<\/p>\n<ul>\n<li style=\"list-style-type: none;\">\n<ul>\n<li>Wie f\u00fchre ich effizient Gespr\u00e4che im be\u00adtrieb\u00adli\u00adchen Kontext?<\/li>\n<\/ul>\n<\/li>\n<\/ul>\n<p>&nbsp;<\/p>\n<ul>\n<li style=\"list-style-type: none;\">\n<ul>\n<li>Wie motiviere ich meine Mit\u00adar\u00adbei\u00adter?<\/li>\n<\/ul>\n<\/li>\n<\/ul>\n<p>&nbsp;<\/p>\n<ul>\n<li style=\"list-style-type: none;\">\n<ul>\n<li>Wie setze ich F\u00fch\u00adrungs\u00adin\u00adstru\u00admen\u00adte ein?<\/li>\n<\/ul>\n<\/li>\n<\/ul>\n<p>&nbsp;<\/p>\n<ul>\n<li style=\"list-style-type: none;\">\n<ul>\n<li>Welche Ge\u00adspr\u00e4chs\u00adf\u00fch\u00adrungs\u00adtech\u00adni\u00adken k\u00f6nnen mir in Konflikten hilfreich sein?<\/li>\n<\/ul>\n<\/li>\n<\/ul>\n<p>&nbsp;<\/p>\n<ul>\n<li style=\"list-style-type: none;\">\n<ul>\n<li>Wie gehe ich mit Konflikten professionell um?<\/li>\n<\/ul>\n<\/li>\n<\/ul>\n<p>&nbsp;<br \/>\n[\/et_pb_text][\/et_pb_column][et_pb_column type=&#8221;1_4&#8243;][et_pb_text admin_label=&#8221;Modul 3&#8243; background_layout=&#8221;light&#8221; text_orientation=&#8221;left&#8221; text_font_size=&#8221;14&#8243; use_border_color=&#8221;off&#8221; border_color=&#8221;#ffffff&#8221; border_style=&#8221;solid&#8221;]<\/p>\n<p>Modul 3<\/p>\n<h4>F\u00fchrung und Steuerung des eigenen Bereichs<\/h4>\n<p>&nbsp;<\/p>\n<ul>\n<li style=\"list-style-type: none;\">\n<ul>\n<li>Stra\u00adte\u00adgie\u00adori\u00aden\u00adtier\u00adte F\u00fchrung<\/li>\n<\/ul>\n<\/li>\n<\/ul>\n<p>&nbsp;<\/p>\n<ul>\n<li style=\"list-style-type: none;\">\n<ul>\n<li>Ziele, Aufgaben und Prozesse im Team\/Bereich<\/li>\n<\/ul>\n<\/li>\n<\/ul>\n<p>&nbsp;<\/p>\n<ul>\n<li style=\"list-style-type: none;\">\n<ul>\n<li>Steuerung und F\u00fchrung in Ver\u00ad\u00e4n\u00adde\u00adrungs\u00adpro\u00adzes\u00adsen<\/li>\n<\/ul>\n<\/li>\n<\/ul>\n<p>&nbsp;<\/p>\n<ul>\n<li style=\"list-style-type: none;\">\n<ul>\n<li>Teamo\u00adri\u00aden\u00adtier\u00adte F\u00fchrung<\/li>\n<\/ul>\n<\/li>\n<\/ul>\n<p>&nbsp;<\/p>\n<ul>\n<li style=\"list-style-type: none;\">\n<ul>\n<li>Ent\u00adwick\u00adlungs\u00adpha\u00adsen und Dynamiken von Teams<\/li>\n<\/ul>\n<\/li>\n<\/ul>\n<p>&nbsp;<\/p>\n<ul>\n<li style=\"list-style-type: none;\">\n<ul>\n<li>Mit\u00adar\u00adbei\u00adter\u00adent\u00adwick\u00adlung<\/li>\n<\/ul>\n<\/li>\n<\/ul>\n<p>&nbsp;<br \/>\n[\/et_pb_text][\/et_pb_column][et_pb_column type=&#8221;1_4&#8243;][et_pb_text admin_label=&#8221;Modul 4&#8243; background_layout=&#8221;light&#8221; text_orientation=&#8221;left&#8221; text_font_size=&#8221;14&#8243; use_border_color=&#8221;off&#8221; border_color=&#8221;#ffffff&#8221; border_style=&#8221;solid&#8221;]<\/p>\n<p>Modul 4<\/p>\n<h4>Coaching \u00a0im F\u00fch\u00adrungs\u00adall\u00adtag<\/h4>\n<p>&nbsp;<\/p>\n<ul>\n<li style=\"list-style-type: none;\">\n<ul>\n<li>Was ist und wie funk\u00adtio\u00adniert Coaching?<\/li>\n<\/ul>\n<\/li>\n<\/ul>\n<p>&nbsp;<\/p>\n<ul>\n<li style=\"list-style-type: none;\">\n<ul>\n<li>Welche einzelnen Elemente des Coa\u00adching-\u200bPro\u00adzes\u00adses gibt es zu be\u00adr\u00fcck\u00adsich\u00adti\u00adgen?<\/li>\n<\/ul>\n<\/li>\n<\/ul>\n<p>&nbsp;<\/p>\n<ul>\n<li style=\"list-style-type: none;\">\n<ul>\n<li>Wie gestalte ich Coaching im F\u00fch\u00adrungs\u00adall\u00adtag er\u00adfolg\u00adreich?<\/li>\n<\/ul>\n<\/li>\n<\/ul>\n<p>&nbsp;<\/p>\n<ul>\n<li style=\"list-style-type: none;\">\n<ul>\n<li>Wie setze ich einzelne Ge\u00adspr\u00e4chs\u00adtech\u00adni\u00adken im Coa\u00adching\u00adge\u00adspr\u00e4ch ein?<\/li>\n<\/ul>\n<\/li>\n<\/ul>\n<p>&nbsp;<\/p>\n<ul>\n<li style=\"list-style-type: none;\">\n<ul>\n<li>Meine Lernziele und mein per\u00ads\u00f6n\u00adli\u00adches F\u00fch\u00adrungs\u00adthe\u00adma \u2013 R\u00fcckblick und Ausblick<\/li>\n<\/ul>\n<\/li>\n<\/ul>\n<p>&nbsp;<\/p>\n<ul>\n<li style=\"list-style-type: none;\">\n<ul>\n<li>Abschluss des Cur\u00adri\u00adcu\u00adl\u00adums<\/li>\n<\/ul>\n<\/li>\n<\/ul>\n<p>&nbsp;<br \/>\n[\/et_pb_text][\/et_pb_column][\/et_pb_row][\/et_pb_section][et_pb_section admin_label=&#8221;Sektion&#8221; fullwidth=&#8221;off&#8221; specialty=&#8221;off&#8221;][et_pb_row admin_label=&#8221;Zeile&#8221;][et_pb_column type=&#8221;4_4&#8243;][et_pb_divider admin_label=&#8221;Teiler&#8221; color=&#8221;#164194&#8243; show_divider=&#8221;off&#8221; divider_style=&#8221;solid&#8221; divider_position=&#8221;top&#8221; divider_weight=&#8221;1&#8243; hide_on_mobile=&#8221;on&#8221; height=&#8221;25&#8243;]<\/p>\n<p>[\/et_pb_divider][et_pb_divider admin_label=&#8221;Teiler&#8221; color=&#8221;#164194&#8243; show_divider=&#8221;on&#8221; divider_style=&#8221;solid&#8221; divider_position=&#8221;top&#8221; divider_weight=&#8221;1&#8243; hide_on_mobile=&#8221;on&#8221;]<\/p>\n<p>[\/et_pb_divider][\/et_pb_column][\/et_pb_row][et_pb_row admin_label=&#8221;Zeile&#8221;][et_pb_column type=&#8221;2_3&#8243;][et_pb_cta admin_label=&#8221;Handlungsaufruf&#8221; title=&#8221;M\u00f6chten Sie mehr \u00fcber das Rhein- Main F\u00fch\u00adrungs\u00adkr\u00e4f\u00adte Cur\u00adri\u00adcu\u00adlum erfahren?&#8221; button_url=&#8221;\/kontakt\/&#8221; url_new_window=&#8221;off&#8221; button_text=&#8221;Jetzt Beratung vereinbaren!&#8221; use_background_color=&#8221;on&#8221; background_color=&#8221;#5a87b5&#8243; background_layout=&#8221;dark&#8221; text_orientation=&#8221;left&#8221; header_font_size=&#8221;26&#8243; body_font_size=&#8221;14&#8243; use_border_color=&#8221;off&#8221; border_color=&#8221;#ffffff&#8221; border_style=&#8221;solid&#8221; custom_button=&#8221;off&#8221; button_text_size=&#8221;20&#8243; button_border_width=&#8221;2&#8243; button_border_radius=&#8221;0&#8243; button_letter_spacing=&#8221;0&#8243; button_use_icon=&#8221;default&#8221; button_icon_placement=&#8221;right&#8221; button_on_hover=&#8221;on&#8221; button_border_radius_hover=&#8221;3&#8243; button_letter_spacing_hover=&#8221;0&#8243;]<\/p>\n<p><strong>frank\u00adfur\u00adter gruppe Un\u00adter\u00adneh\u00admens\u00adent\u00adwick\u00adlung<\/strong><\/p>\n<p>Mar\u00adtin-\u200bBe\u00adhaim-\u200bStr. 12,<br \/>\n63263 Neu-\u200bIsen\u00adburg<\/p>\n<p>Fon:\u00a0\u00a0\u00a0 <a href=\"tel:+4961022023660\">+49 6102 \u2013 202366 0<\/a><br \/>\nEmail: <a href=\"http:\/\/www.frankfurter-gruppe.de\/de\/mim.html?id=\">office@frankfurter-gruppe.de<\/a><\/p>\n<p>[\/et_pb_cta][\/et_pb_column][et_pb_column type=&#8221;1_3&#8243;][et_pb_text admin_label=&#8221;Weiterf\u00fchrende Links&#8221; background_layout=&#8221;light&#8221; text_orientation=&#8221;left&#8221; text_font_size=&#8221;14&#8243; use_border_color=&#8221;off&#8221; border_color=&#8221;#ffffff&#8221; border_style=&#8221;solid&#8221; custom_padding=&#8221;42px|||&#8221;]<\/p>\n<h4>Weiterf\u00fchrende Links<\/h4>\n<p>&nbsp;<\/p>\n<ul>\n<li style=\"list-style-type: none;\">\n<ul>\n<li>Download <a href=\"\/wp-content\/uploads\/2016\/02\/fg_Rhein_Main_Curriculum.pdf\" target=\"_blank\" rel=\"noopener\">Flyer Rhein-Main Curriculum<\/a> (PDF)<\/li>\n<\/ul>\n<\/li>\n<\/ul>\n<p>&nbsp;<br \/>\n[\/et_pb_text][\/et_pb_column][\/et_pb_row][et_pb_row admin_label=&#8221;Zeile&#8221;][et_pb_column type=&#8221;4_4&#8243;][et_pb_divider admin_label=&#8221;Teiler&#8221; color=&#8221;#164194&#8243; show_divider=&#8221;on&#8221; divider_style=&#8221;solid&#8221; divider_position=&#8221;top&#8221; divider_weight=&#8221;1&#8243; hide_on_mobile=&#8221;on&#8221;]<\/p>\n<p>[\/et_pb_divider][\/et_pb_column][\/et_pb_row][\/et_pb_section]<\/p>\n","protected":false},"excerpt":{"rendered":"<p>Lern\u00adwerk\u00adstatt f\u00fcr Praktiker: &nbsp; Rhein-\u200bMain F\u00fch\u00adrungs\u00adkr\u00e4f\u00adte Cur\u00adri\u00adcu\u00adlum &nbsp; Die F\u00fch\u00adrungs\u00adrol\u00adle wird an\u00adspruchs\u00advol\u00adler. Die F\u00fch\u00adrungs\u00adsi\u00adtua\u00adtio\u00adnen werden komplexer, die G\u00fcl\u00adtig\u00adkeit stan\u00addar\u00addi\u00adsier\u00adten Wissens oder Ver\u00adhal\u00adtens nimmt ab. Sind Sie oder die F\u00fch\u00adrungs\u00adkr\u00e4f\u00adte Ihres Un\u00adter\u00adneh\u00admens auf zu\u00adk\u00fcnf\u00adti\u00adge Ma\u00adnage\u00admentan\u00adfor\u00adde\u00adrun\u00adgen wirklich gut vor\u00adbe\u00adrei\u00adtet? &nbsp; F\u00fch\u00adrungs\u00adkr\u00e4f\u00adte werden in ihren Un\u00adter\u00adneh\u00admen und Or\u00adga\u00adni\u00adsa\u00adtio\u00adnen immer st\u00e4rker als interne Un\u00adter\u00adneh\u00adme\u00adrIn\u00adnen, als In\u00adtra\u00adpre\u00adneurs gefordert. Sie \u00fcber\u00adneh\u00admen [&hellip;]<\/p>\n","protected":false},"author":4,"featured_media":0,"parent":2554,"menu_order":0,"comment_status":"closed","ping_status":"closed","template":"","meta":{"_et_pb_use_builder":"on","_et_pb_old_content":"","_et_gb_content_width":"","footnotes":""},"class_list":["post-2638","page","type-page","status-publish","hentry"],"_links":{"self":[{"href":"https:\/\/frankfurter-gruppe.de\/en\/wp-json\/wp\/v2\/pages\/2638","targetHints":{"allow":["GET"]}}],"collection":[{"href":"https:\/\/frankfurter-gruppe.de\/en\/wp-json\/wp\/v2\/pages"}],"about":[{"href":"https:\/\/frankfurter-gruppe.de\/en\/wp-json\/wp\/v2\/types\/page"}],"author":[{"embeddable":true,"href":"https:\/\/frankfurter-gruppe.de\/en\/wp-json\/wp\/v2\/users\/4"}],"replies":[{"embeddable":true,"href":"https:\/\/frankfurter-gruppe.de\/en\/wp-json\/wp\/v2\/comments?post=2638"}],"version-history":[{"count":0,"href":"https:\/\/frankfurter-gruppe.de\/en\/wp-json\/wp\/v2\/pages\/2638\/revisions"}],"up":[{"embeddable":true,"href":"https:\/\/frankfurter-gruppe.de\/en\/wp-json\/wp\/v2\/pages\/2554"}],"wp:attachment":[{"href":"https:\/\/frankfurter-gruppe.de\/en\/wp-json\/wp\/v2\/media?parent=2638"}],"curies":[{"name":"wp","href":"https:\/\/api.w.org\/{rel}","templated":true}]}}