{"id":2626,"date":"2017-09-28T13:52:39","date_gmt":"2017-09-28T11:52:39","guid":{"rendered":"http:\/\/frankfurter-gruppe.de\/seminars\/fuehrungsentwicklung\/"},"modified":"2017-09-28T14:58:37","modified_gmt":"2017-09-28T12:58:37","slug":"fuehrungsentwicklung","status":"publish","type":"page","link":"https:\/\/frankfurter-gruppe.de\/en\/seminars\/fuehrungsentwicklung\/","title":{"rendered":"Leadership Development"},"content":{"rendered":"<p>[et_pb_section admin_label=&#8221;Sektion&#8221; fullwidth=&#8221;off&#8221; specialty=&#8221;off&#8221;][et_pb_row admin_label=&#8221;Zeile&#8221;][et_pb_column type=&#8221;2_3&#8243;][et_pb_text admin_label=&#8221;F\u00fch\u00adrungs\u00adent\u00adwick\u00adlung &#8211; vom Kon\u00adsu\u00admen\u00adten zum Pro\u00addu\u00adzen\u00adten&#8221; background_layout=&#8221;light&#8221; text_orientation=&#8221;left&#8221; text_font_size=&#8221;14&#8243; use_border_color=&#8221;off&#8221; border_color=&#8221;#ffffff&#8221; border_style=&#8221;solid&#8221;]<\/p>\n<h4>Fo\u00adkus\u00adthe\u00adma:<\/h4>\n<p>&nbsp;<\/p>\n<h1>F\u00fch\u00adrungs\u00adent\u00adwick\u00adlung &#8211;<br \/>\nvom Kon\u00adsu\u00admen\u00adten zum Pro\u00addu\u00adzen\u00adten<\/h1>\n<p>&nbsp;<\/p>\n<h4>Mit un\u00adse\u00adren &#8220;Fo\u00adkus\u00adthe\u00admen&#8221; wei\u00adsen wir auf aus\u00adge\u00adw\u00e4hl\u00adte un\u00adter\u00adneh\u00admens\u00adre\u00adle\u00advan\u00adte Ent\u00adwick\u00adlungs-\u200b und Qualifizierungsthemen hin und stellen unsere speziell hierf\u00fcr ent\u00adwi\u00adckel\u00adten Leis\u00adtun\u00adgen und An\u00adge\u00adbo\u00adte vor.<\/h4>\n<p>&nbsp;<br \/>\n[\/et_pb_text][et_pb_image admin_label=&#8221;Bild&#8221; src=&#8221;http:\/\/frankfurter-gruppe.de\/wp-content\/uploads\/2016\/02\/Fueh\u00adrungs\u00adent\u00adwick\u00adlung.jpg&#8221; show_in_lightbox=&#8221;off&#8221; url_new_window=&#8221;off&#8221; animation=&#8221;fade_in&#8221; sticky=&#8221;off&#8221; align=&#8221;left&#8221; force_fullwidth=&#8221;off&#8221; always_center_on_mobile=&#8221;on&#8221; use_border_color=&#8221;off&#8221; border_color=&#8221;#ffffff&#8221; border_style=&#8221;solid&#8221;]<\/p>\n<p>[\/et_pb_image][et_pb_text admin_label=&#8221;Text&#8221; background_layout=&#8221;light&#8221; text_orientation=&#8221;left&#8221; text_font_size=&#8221;14&#8243; use_border_color=&#8221;off&#8221; border_color=&#8221;#ffffff&#8221; border_style=&#8221;solid&#8221;]<\/p>\n<p>F\u00fch\u00adrungs\u00adkr\u00e4f\u00adte werden in ihren Un\u00adter\u00adneh\u00admen und Or\u00adga\u00adni\u00adsa\u00adtio\u00adnen immer st\u00e4rker als interne Un\u00adter\u00adneh\u00adme\u00adrIn\u00adnen, als In\u00adtra\u00adpre\u00adneurs gefordert. Sie \u00fcber\u00adneh\u00admen dabei Ver\u00adant\u00adwor\u00adtung f\u00fcr die ziel\u00adori\u00aden\u00adtier\u00adte Ge\u00adstal\u00adtung und Wei\u00adter\u00adent\u00adwick\u00adlung ihrer F\u00fch\u00adrungs\u00adland\u00adschaft mit den darin han\u00addeln\u00adden Personen.<\/p>\n<p>Um diese An\u00adfor\u00adde\u00adrung nach\u00adhal\u00adtig zu ver\u00adwirk\u00adli\u00adchen, brauchen F\u00fch\u00adrungs\u00adkr\u00e4f\u00adte neben ihren Ma\u00adnage\u00adment\u00adf\u00e4\u00adhig\u00adkei\u00adten drei Schl\u00fcs\u00adsel\u00adkom\u00adpe\u00adten\u00adzen:<\/p>\n<ul>\n<li style=\"list-style-type: none;\">\n<ul>\n<li>Ver\u00adant\u00adwor\u00adtung f\u00fcr sich und den eigenen Auf\u00adga\u00adben\u00adbe\u00adreich zu \u00fcber\u00adneh\u00admen und dabei den Blick f\u00fcrs Ganze zu bewahren,<\/li>\n<\/ul>\n<\/li>\n<\/ul>\n<p>&nbsp;<\/p>\n<ul>\n<li style=\"list-style-type: none;\">\n<ul>\n<li>un\u00adter\u00adneh\u00adme\u00adrisch und das bedeutet ri\u00adsi\u00adko\u00adsen\u00adsi\u00adbel zu denken und zu handeln<\/li>\n<\/ul>\n<\/li>\n<\/ul>\n<p>&nbsp;<\/p>\n<ul>\n<li style=\"list-style-type: none;\">\n<ul>\n<li>und die F\u00e4higkeit, Ar\u00adbeits\u00adbe\u00adzie\u00adhun\u00adgen so zu gestalten, dass Selbst\u00ador\u00adga\u00adni\u00adsa\u00adti\u00adon und Selbst\u00adver\u00adant\u00adwor\u00adtung der Mit\u00adar\u00adbei\u00adten\u00adden m\u00f6glich wird.<\/li>\n<\/ul>\n<\/li>\n<\/ul>\n<p>&nbsp;<br \/>\n[\/et_pb_text][\/et_pb_column][et_pb_column type=&#8221;1_3&#8243;][\/et_pb_column][\/et_pb_row][\/et_pb_section][et_pb_section admin_label=&#8221;Sektion&#8221; fullwidth=&#8221;off&#8221; specialty=&#8221;off&#8221; transparent_background=&#8221;off&#8221; background_color=&#8221;#eeeeee&#8221; allow_player_pause=&#8221;off&#8221; inner_shadow=&#8221;off&#8221; parallax=&#8221;off&#8221; parallax_method=&#8221;off&#8221; padding_mobile=&#8221;off&#8221; make_fullwidth=&#8221;off&#8221; use_custom_width=&#8221;off&#8221; width_unit=&#8221;on&#8221; make_equal=&#8221;off&#8221; use_custom_gutter=&#8221;off&#8221; gutter_width=&#8221;3&#8243;][et_pb_row admin_label=&#8221;Zeile&#8221;][et_pb_column type=&#8221;4_4&#8243;][et_pb_text admin_label=&#8221;Neues Weiterbildungskonzept&#8221; background_layout=&#8221;light&#8221; text_orientation=&#8221;left&#8221; text_font_size=&#8221;14&#8243; use_border_color=&#8221;off&#8221; border_color=&#8221;#ffffff&#8221; border_style=&#8221;solid&#8221;]<\/p>\n<h2>Neues Weiterbildungskonzept<\/h2>\n<p>&nbsp;<br \/>\n[\/et_pb_text][\/et_pb_column][\/et_pb_row][et_pb_row admin_label=&#8221;Zeile&#8221;][et_pb_column type=&#8221;2_3&#8243;][et_pb_text admin_label=&#8221;Text&#8221; background_layout=&#8221;light&#8221; text_orientation=&#8221;left&#8221; text_font_size=&#8221;14&#8243; use_border_color=&#8221;off&#8221; border_color=&#8221;#ffffff&#8221; border_style=&#8221;solid&#8221;]<\/p>\n<p>Im Vergleich zur &#8220;klas\u00adsi\u00adschen&#8221; Wei\u00adter\u00adbil\u00addung sind in diesem <strong>neuen Konzept <\/strong>die Inhalte in der F\u00fch\u00adrungs\u00adent\u00adwick\u00adlung <strong>nicht<\/strong> im Vorhinein fest\u00adge\u00adlegt:<\/p>\n<ul>\n<li style=\"list-style-type: none;\">\n<ul>\n<li>Die Teil\u00adneh\u00admen\u00adden fo\u00adkus\u00adsie\u00adren auf Fragen, Themen und Her\u00adaus\u00adfor\u00adde\u00adrun\u00adgen, die f\u00fcr sie als F\u00fch\u00adrungs\u00adkraft eine hohe Relevanz haben.<\/li>\n<\/ul>\n<\/li>\n<\/ul>\n<p>&nbsp;<\/p>\n<ul>\n<li style=\"list-style-type: none;\">\n<ul>\n<li>Der Lernweg wird von ihnen selbst entworfen und gestaltet.<\/li>\n<\/ul>\n<\/li>\n<\/ul>\n<p>&nbsp;<\/p>\n<ul>\n<li style=\"list-style-type: none;\">\n<ul>\n<li>Sie reflektieren und erweitern &#8211; basierend auf ihrer Pers\u00f6nlichkeit und ihrer bisherigen Erfahrung &#8211; ihr mentales F\u00fch\u00adrungs\u00adkon\u00adzept und ihr Re\u00adper\u00adtoire an Ver\u00adhal\u00adtens\u00adm\u00f6g\u00adlich\u00adkei\u00adten. Dabei werden sie von zwei Lern\u00adcoa\u00adches und ihren Vor\u00adge\u00adsetz\u00adten un\u00adter\u00adst\u00fctzt.<\/li>\n<\/ul>\n<\/li>\n<\/ul>\n<p>Im ersten Teil der F\u00fch\u00adrungs\u00adent\u00adwick\u00adlung, den &#8220;<strong>Erfindertagen<\/strong>&#8221; un\u00adter\u00adsu\u00adchen und ent\u00adschei\u00adden die Teil\u00adneh\u00admen\u00adden an welchen Fragen und Anliegen sie in den nach\u00adfol\u00adgen\u00adden 5 Modulen arbeiten wollen.<\/p>\n<blockquote><p><em>Somit stehen sie durch\u00adge\u00adhend vor der Aufgabe, Lernen f\u00fcr sich und die Kol\u00adle\u00adgin\u00adnen zu erfinden, zu entwickeln und zu moderieren.<br \/>\nIn der Art und Weise, wie sie mit dieser Her\u00adaus\u00adfor\u00adde\u00adrung umgehen, wie sie Ver\u00adant\u00adwor\u00adtung f\u00fcr Themen und Anliegen \u00fcber\u00adneh\u00admen, diese Themen im Prozess mit der Gruppe ver\u00e4ndern und Be\u00adgeis\u00adte\u00adrung daf\u00fcr wecken, wird alles Ent\u00adschei\u00adden\u00adde sichtbar zum Thema: F\u00fchrung, Umgang mit In\u00adno\u00adva\u00adti\u00adon und Umgang mit Un\u00adsi\u00adcher\u00adheit.<\/em><\/p><\/blockquote>\n<p>&nbsp;<br \/>\n[\/et_pb_text][\/et_pb_column][et_pb_column type=&#8221;1_3&#8243;][\/et_pb_column][\/et_pb_row][\/et_pb_section][et_pb_section admin_label=&#8221;Sektion&#8221; fullwidth=&#8221;off&#8221; specialty=&#8221;off&#8221;][et_pb_row admin_label=&#8221;Zeile&#8221;][et_pb_column type=&#8221;4_4&#8243;][et_pb_text admin_label=&#8221;Unternehmensbezogener Rahmen&#8221; background_layout=&#8221;light&#8221; text_orientation=&#8221;left&#8221; text_font_size=&#8221;14&#8243; use_border_color=&#8221;off&#8221; border_color=&#8221;#ffffff&#8221; border_style=&#8221;solid&#8221;]<\/p>\n<h2>5 werk\u00adstatt\u00adar\u00adti\u00adge Module schaffen unternehmensbezogenen Rahmen<strong><br \/>\n<\/strong><\/h2>\n<p>&nbsp;<br \/>\n[\/et_pb_text][\/et_pb_column][\/et_pb_row][et_pb_row admin_label=&#8221;Zeile&#8221;][et_pb_column type=&#8221;2_3&#8243;][et_pb_text admin_label=&#8221;Text&#8221; background_layout=&#8221;light&#8221; text_orientation=&#8221;left&#8221; text_font_size=&#8221;14&#8243; use_border_color=&#8221;off&#8221; border_color=&#8221;#ffffff&#8221; border_style=&#8221;solid&#8221;]<\/p>\n<p>In den <strong>5 werk\u00adstatt\u00adar\u00adti\u00adgen Modulen <\/strong>werden die in den Erfindertagen festgelegten Themen an konkreten Si\u00adtua\u00adtio\u00adnen be\u00adar\u00adbei\u00adtet, um mit wirk\u00adsa\u00adme\u00adren F\u00fch\u00adrungs\u00adver\u00adhal\u00adten zu ex\u00adpe\u00adri\u00admen\u00adtie\u00adren.<\/p>\n<p>Die hohe <strong>Pro\u00adzess\u00adori\u00aden\u00adtie\u00adrung<\/strong> wird nochmals dadurch verst\u00e4rkt, dass auch die Art und Weise, wie im &#8220;Hier und Jetzt&#8221; der Lern\u00adgrup\u00adpe der Lern\u00adpro\u00adzess mit un\u00adter\u00adschied\u00adli\u00adchen Grup\u00adpen\u00adgr\u00f6\u00ad\u00dfen, Settings und Ar\u00adbeits\u00adfor\u00admen gestaltet und mit neuen Ar\u00adbeits\u00adwei\u00adsen ex\u00adpe\u00adri\u00admen\u00adtiert wird, von den Coaches reflektiert und zus\u00e4tzlich als <strong>Lernweg<\/strong> genutzt.<\/p>\n<p>Das alles findet aber nicht im &#8220;freien Raum&#8221; statt. Die Ma\u00dfnahme bekommt vorab einen <strong>un\u00adter\u00adneh\u00admens\u00adbe\u00adzo\u00adge\u00adnen Rahmen<\/strong>:<\/p>\n<ul>\n<li style=\"list-style-type: none;\">\n<ul>\n<li>Zum einen ist die Lea\u00addership-\u200bPhi\u00adlo\u00adso\u00adphie im Un\u00adter\u00adneh\u00admen der Ori\u00aden\u00adtie\u00adrungs\u00adpunkt f\u00fcr die Lern\u00adcoa\u00adches,<\/li>\n<\/ul>\n<\/li>\n<\/ul>\n<p>&nbsp;<\/p>\n<ul>\n<li style=\"list-style-type: none;\">\n<ul>\n<li>zum anderen werden in einem Workshop die Schl\u00fcs\u00adsel\u00adkom\u00adpe\u00adten\u00adzen, die im Kontext der F\u00fch\u00adrungs\u00adent\u00adwick\u00adlung erweitert werden sollen, for\u00admu\u00adliert bzw. weiter aus\u00adfor\u00admu\u00adliert.<\/li>\n<\/ul>\n<\/li>\n<\/ul>\n<p>Un\u00adab\u00adh\u00e4n\u00adgig von diesen spezifischen <strong>Schl\u00fcs\u00adsel\u00adkom\u00adpe\u00adten\u00adzen<\/strong> vertiefen und erweitern die Teil\u00adneh\u00admen\u00adden ihre all\u00adge\u00admei\u00adnen Kom\u00adpe\u00adten\u00adzen auf einer Reihe von Ebenen wie zum Beispiel:<\/p>\n<ul>\n<li style=\"list-style-type: none;\">\n<ul>\n<li>ei\u00adgen\u00adst\u00e4n\u00addig Ziele und Stra\u00adte\u00adgi\u00aden ent\u00adwi\u00adckeln und mit anderen aus\u00adhan\u00addeln.<\/li>\n<\/ul>\n<\/li>\n<\/ul>\n<p>&nbsp;<\/p>\n<ul>\n<li style=\"list-style-type: none;\">\n<ul>\n<li>klar for\u00admu\u00adlie\u00adren, was sie per\u00ads\u00f6n\u00adlich\/beruflich wollen.<\/li>\n<\/ul>\n<\/li>\n<\/ul>\n<p>&nbsp;<\/p>\n<ul>\n<li style=\"list-style-type: none;\">\n<ul>\n<li>ihr Ent\u00adschei\u00adden und Handeln trans\u00adpa\u00adrent begr\u00fcnden.<\/li>\n<\/ul>\n<\/li>\n<\/ul>\n<p>&nbsp;<br \/>\n[\/et_pb_text][\/et_pb_column][et_pb_column type=&#8221;1_3&#8243;][\/et_pb_column][\/et_pb_row][\/et_pb_section][et_pb_section admin_label=&#8221;Sektion&#8221; fullwidth=&#8221;off&#8221; specialty=&#8221;off&#8221; transparent_background=&#8221;off&#8221; background_color=&#8221;#eeeeee&#8221; allow_player_pause=&#8221;off&#8221; inner_shadow=&#8221;off&#8221; parallax=&#8221;off&#8221; parallax_method=&#8221;off&#8221; padding_mobile=&#8221;off&#8221; make_fullwidth=&#8221;off&#8221; use_custom_width=&#8221;off&#8221; width_unit=&#8221;on&#8221; make_equal=&#8221;off&#8221; use_custom_gutter=&#8221;off&#8221; gutter_width=&#8221;3&#8243;][et_pb_row admin_label=&#8221;Zeile&#8221;][et_pb_column type=&#8221;4_4&#8243;][et_pb_text admin_label=&#8221;F\u00fch\u00adrungs\u00adkr\u00e4f\u00adte als Gestalter des eigenen Lernens&#8221; background_layout=&#8221;light&#8221; text_orientation=&#8221;left&#8221; text_font_size=&#8221;14&#8243; use_border_color=&#8221;off&#8221; border_color=&#8221;#ffffff&#8221; border_style=&#8221;solid&#8221;]<\/p>\n<h2>F\u00fch\u00adrungs\u00adkr\u00e4f\u00adte als Gestalter des eigenen Lernens<\/h2>\n<p>&nbsp;<br \/>\n[\/et_pb_text][\/et_pb_column][\/et_pb_row][et_pb_row admin_label=&#8221;Zeile&#8221;][et_pb_column type=&#8221;2_3&#8243;][et_pb_text admin_label=&#8221;Text&#8221; background_layout=&#8221;light&#8221; text_orientation=&#8221;left&#8221; text_font_size=&#8221;14&#8243; use_border_color=&#8221;off&#8221; border_color=&#8221;#ffffff&#8221; border_style=&#8221;solid&#8221;]<\/p>\n<p>Will man F\u00fch\u00adrungs\u00adkr\u00e4f\u00adte als <strong>Gestalter<\/strong> ihres eigenen Lernens fordern und f\u00f6rdern, braucht das nicht nur von den teil\u00adneh\u00admen\u00adden F\u00fch\u00adrungs\u00adkr\u00e4f\u00adten eine neue Rolle und Haltung, auch die Rolle der Trainer und Trai\u00adne\u00adrin\u00adnen ver\u00e4ndert sich: sie treten einen Schritt zur\u00fcck und werden <strong>Lern-\u200bCoa\u00adches<\/strong>. Ihre Kern\u00adkom\u00adpe\u00adtenz ist so etwas wie <em>\u201cLos- Hal\u00adten\u201c<\/em> die si\u00adtua\u00adti\u00adons\u00adbe\u00adzo\u00adge\u00adne Balance von Halten und Loslassen.<\/p>\n<blockquote><p><em>F\u00fchruns\u00adent\u00adwick\u00adlung ist \u00fcbrigens mehr als F\u00fch\u00adrungs\u00adkr\u00e4f\u00adte\u00adent\u00adwick\u00adlung! Denn in\u00addi\u00advi\u00addu\u00adel\u00adle F\u00fch\u00adrungs\u00adkom\u00adpe\u00adtenz l\u00e4sst sich nach\u00adhal\u00adtig nur im Kontext der F\u00fch\u00adrungs\u00adkul\u00adtur einer Or\u00adga\u00adni\u00adsa\u00adti\u00adon ent\u00adwi\u00adckeln.<\/em><\/p><\/blockquote>\n<p>&nbsp;<br \/>\n[\/et_pb_text][\/et_pb_column][et_pb_column type=&#8221;1_3&#8243;][\/et_pb_column][\/et_pb_row][\/et_pb_section][et_pb_section admin_label=&#8221;Sektion&#8221; fullwidth=&#8221;off&#8221; specialty=&#8221;off&#8221;][et_pb_row admin_label=&#8221;Zeile&#8221;][et_pb_column type=&#8221;4_4&#8243;][et_pb_divider admin_label=&#8221;Teiler&#8221; color=&#8221;#164194&#8243; show_divider=&#8221;off&#8221; divider_style=&#8221;solid&#8221; divider_position=&#8221;top&#8221; divider_weight=&#8221;1&#8243; hide_on_mobile=&#8221;on&#8221; height=&#8221;25&#8243;]<\/p>\n<p>[\/et_pb_divider][et_pb_divider admin_label=&#8221;Teiler&#8221; color=&#8221;#164194&#8243; show_divider=&#8221;on&#8221; divider_style=&#8221;solid&#8221; divider_position=&#8221;top&#8221; divider_weight=&#8221;1&#8243; hide_on_mobile=&#8221;on&#8221;]<\/p>\n<p>[\/et_pb_divider][\/et_pb_column][\/et_pb_row][et_pb_row admin_label=&#8221;Zeile&#8221;][et_pb_column type=&#8221;2_3&#8243;][et_pb_cta admin_label=&#8221;Handlungsaufruf&#8221; title=&#8221;M\u00f6chten Sie mehr \u00fcber F\u00fch\u00adrungs\u00adent\u00adwick\u00adlung erfahren?&#8221; button_url=&#8221;\/kontakt\/&#8221; url_new_window=&#8221;off&#8221; button_text=&#8221;Jetzt Beratung vereinbaren!&#8221; use_background_color=&#8221;on&#8221; background_color=&#8221;#5a87b5&#8243; background_layout=&#8221;dark&#8221; text_orientation=&#8221;left&#8221; header_font_size=&#8221;26&#8243; body_font_size=&#8221;14&#8243; use_border_color=&#8221;off&#8221; border_color=&#8221;#ffffff&#8221; border_style=&#8221;solid&#8221; custom_button=&#8221;off&#8221; button_text_size=&#8221;20&#8243; button_border_width=&#8221;2&#8243; button_border_radius=&#8221;0&#8243; button_letter_spacing=&#8221;0&#8243; button_use_icon=&#8221;default&#8221; button_icon_placement=&#8221;right&#8221; button_on_hover=&#8221;on&#8221; button_border_radius_hover=&#8221;3&#8243; button_letter_spacing_hover=&#8221;0&#8243;]<\/p>\n<p><strong>frank\u00adfur\u00adter gruppe Un\u00adter\u00adneh\u00admens\u00adent\u00adwick\u00adlung<\/strong><\/p>\n<p>Mar\u00adtin-\u200bBe\u00adhaim-\u200bStr. 12,<br \/>\n63263 Neu-\u200bIsen\u00adburg<\/p>\n<p>Fon\u00a0\u00a0\u00a0 <a href=\"tel:+4961022023660\">+49 6102 \u2013 202366 0<\/a><br \/>\nEmail: <a href=\"http:\/\/www.frankfurter-gruppe.de\/de\/mim.html?id=\">office@frankfurter-gruppe.de<\/a><\/p>\n<p>[\/et_pb_cta][\/et_pb_column][et_pb_column type=&#8221;1_3&#8243;][et_pb_text admin_label=&#8221;Weiterf\u00fchrende Links&#8221; background_layout=&#8221;light&#8221; text_orientation=&#8221;left&#8221; text_font_size=&#8221;14&#8243; use_border_color=&#8221;off&#8221; border_color=&#8221;#ffffff&#8221; border_style=&#8221;solid&#8221; custom_padding=&#8221;42px|||&#8221;]<\/p>\n<h4>Weiterf\u00fchrende Links<\/h4>\n<p>&nbsp;<\/p>\n<ul>\n<li style=\"list-style-type: none;\">\n<ul>\n<li>Download <a href=\"\/wp-content\/uploads\/2016\/02\/fg_Leaders_Lab.pdf\">Flyer zum Angebot &#8220;Leaders Lab&#8221;<\/a> (1,4 mb)<\/li>\n<\/ul>\n<\/li>\n<\/ul>\n<p>&nbsp;<br \/>\n[\/et_pb_text][\/et_pb_column][\/et_pb_row][et_pb_row admin_label=&#8221;Zeile&#8221;][et_pb_column type=&#8221;4_4&#8243;][et_pb_divider admin_label=&#8221;Teiler&#8221; color=&#8221;#164194&#8243; show_divider=&#8221;on&#8221; divider_style=&#8221;solid&#8221; divider_position=&#8221;top&#8221; divider_weight=&#8221;1&#8243; hide_on_mobile=&#8221;on&#8221;]<\/p>\n<p>[\/et_pb_divider][\/et_pb_column][\/et_pb_row][\/et_pb_section]<\/p>\n","protected":false},"excerpt":{"rendered":"<p>Fo\u00adkus\u00adthe\u00adma: &nbsp; F\u00fch\u00adrungs\u00adent\u00adwick\u00adlung &#8211; vom Kon\u00adsu\u00admen\u00adten zum Pro\u00addu\u00adzen\u00adten &nbsp; Mit un\u00adse\u00adren &#8220;Fo\u00adkus\u00adthe\u00admen&#8221; wei\u00adsen wir auf aus\u00adge\u00adw\u00e4hl\u00adte un\u00adter\u00adneh\u00admens\u00adre\u00adle\u00advan\u00adte Ent\u00adwick\u00adlungs-\u200b und Qualifizierungsthemen hin und stellen unsere speziell hierf\u00fcr ent\u00adwi\u00adckel\u00adten Leis\u00adtun\u00adgen und An\u00adge\u00adbo\u00adte vor. &nbsp; F\u00fch\u00adrungs\u00adkr\u00e4f\u00adte werden in ihren Un\u00adter\u00adneh\u00admen und Or\u00adga\u00adni\u00adsa\u00adtio\u00adnen immer st\u00e4rker als interne Un\u00adter\u00adneh\u00adme\u00adrIn\u00adnen, als In\u00adtra\u00adpre\u00adneurs gefordert. Sie \u00fcber\u00adneh\u00admen dabei Ver\u00adant\u00adwor\u00adtung f\u00fcr die ziel\u00adori\u00aden\u00adtier\u00adte Ge\u00adstal\u00adtung [&hellip;]<\/p>\n","protected":false},"author":4,"featured_media":0,"parent":2554,"menu_order":0,"comment_status":"closed","ping_status":"closed","template":"","meta":{"_et_pb_use_builder":"on","_et_pb_old_content":"","_et_gb_content_width":"","footnotes":""},"class_list":["post-2626","page","type-page","status-publish","hentry"],"_links":{"self":[{"href":"https:\/\/frankfurter-gruppe.de\/en\/wp-json\/wp\/v2\/pages\/2626","targetHints":{"allow":["GET"]}}],"collection":[{"href":"https:\/\/frankfurter-gruppe.de\/en\/wp-json\/wp\/v2\/pages"}],"about":[{"href":"https:\/\/frankfurter-gruppe.de\/en\/wp-json\/wp\/v2\/types\/page"}],"author":[{"embeddable":true,"href":"https:\/\/frankfurter-gruppe.de\/en\/wp-json\/wp\/v2\/users\/4"}],"replies":[{"embeddable":true,"href":"https:\/\/frankfurter-gruppe.de\/en\/wp-json\/wp\/v2\/comments?post=2626"}],"version-history":[{"count":0,"href":"https:\/\/frankfurter-gruppe.de\/en\/wp-json\/wp\/v2\/pages\/2626\/revisions"}],"up":[{"embeddable":true,"href":"https:\/\/frankfurter-gruppe.de\/en\/wp-json\/wp\/v2\/pages\/2554"}],"wp:attachment":[{"href":"https:\/\/frankfurter-gruppe.de\/en\/wp-json\/wp\/v2\/media?parent=2626"}],"curies":[{"name":"wp","href":"https:\/\/api.w.org\/{rel}","templated":true}]}}