{"id":2601,"date":"2017-09-28T13:50:13","date_gmt":"2017-09-28T11:50:13","guid":{"rendered":"http:\/\/frankfurter-gruppe.de\/seminars\/curriculum-change-management\/"},"modified":"2017-09-28T13:50:15","modified_gmt":"2017-09-28T11:50:15","slug":"curriculum-change-management","status":"publish","type":"page","link":"https:\/\/frankfurter-gruppe.de\/en\/seminars\/curriculum-change-management\/","title":{"rendered":"Cur\u00adri\u00adcu\u00adlum Change Ma\u00adnage\u00adment"},"content":{"rendered":"<p>[et_pb_section admin_label=&#8221;Sektion&#8221; fullwidth=&#8221;off&#8221; specialty=&#8221;off&#8221;][et_pb_row admin_label=&#8221;Zeile&#8221;][et_pb_column type=&#8221;2_3&#8243;][et_pb_text admin_label=&#8221;Cur\u00adri\u00adcu\u00adlum Change Ma\u00adnage\u00adment&#8221; background_layout=&#8221;light&#8221; text_orientation=&#8221;left&#8221; text_font_size=&#8221;14&#8243; use_border_color=&#8221;off&#8221; border_color=&#8221;#ffffff&#8221; border_style=&#8221;solid&#8221;]<\/p>\n<h1>Cur\u00adri\u00adcu\u00adlum Change Ma\u00adnage\u00adment<\/h1>\n<p>&nbsp;<br \/>\n[\/et_pb_text][et_pb_image admin_label=&#8221;Bild&#8221; src=&#8221;http:\/\/frankfurter-gruppe.de\/wp-content\/uploads\/2016\/02\/Cur\u00adri\u00adcu\u00adlum-Change-Ma\u00adnage\u00adment.jpg&#8221; show_in_lightbox=&#8221;off&#8221; url_new_window=&#8221;off&#8221; animation=&#8221;fade_in&#8221; sticky=&#8221;off&#8221; align=&#8221;left&#8221; force_fullwidth=&#8221;off&#8221; always_center_on_mobile=&#8221;on&#8221; use_border_color=&#8221;off&#8221; border_color=&#8221;#ffffff&#8221; border_style=&#8221;solid&#8221;]<\/p>\n<p>&nbsp;<\/p>\n<p>[\/et_pb_image][et_pb_text admin_label=&#8221;Text&#8221; background_layout=&#8221;light&#8221; text_orientation=&#8221;left&#8221; text_font_size=&#8221;14&#8243; use_border_color=&#8221;off&#8221; border_color=&#8221;#ffffff&#8221; border_style=&#8221;solid&#8221;]<\/p>\n<h4>Ein cur\u00adri\u00adcu\u00adla\u00adres Wei\u00adter\u00adent\u00adwick\u00adlungs\u00adan\u00adge\u00adbot f\u00fcr F\u00fch\u00adrungs\u00adkr\u00e4f\u00adte und Pro\u00adjekt\u00adver\u00adant\u00adwort\u00adli\u00adche, die an\u00adspruchs\u00advol\u00adle Ver\u00ad\u00e4n\u00adde\u00adrungs\u00adpro\u00adzes\u00adse durch\u00adf\u00fch\u00adren und ver\u00adant\u00adwor\u00adten.<\/h4>\n<p>&nbsp;<br \/>\n[\/et_pb_text][\/et_pb_column][et_pb_column type=&#8221;1_3&#8243;][\/et_pb_column][\/et_pb_row][\/et_pb_section][et_pb_section admin_label=&#8221;Sektion&#8221; fullwidth=&#8221;off&#8221; specialty=&#8221;off&#8221; transparent_background=&#8221;off&#8221; background_color=&#8221;#eeeeee&#8221; allow_player_pause=&#8221;off&#8221; inner_shadow=&#8221;off&#8221; parallax=&#8221;off&#8221; parallax_method=&#8221;off&#8221; padding_mobile=&#8221;off&#8221; make_fullwidth=&#8221;off&#8221; use_custom_width=&#8221;off&#8221; width_unit=&#8221;on&#8221; make_equal=&#8221;off&#8221; use_custom_gutter=&#8221;off&#8221; gutter_width=&#8221;3&#8243;][et_pb_row admin_label=&#8221;Zeile&#8221;][et_pb_column type=&#8221;4_4&#8243;][et_pb_text admin_label=&#8221;Ver\u00ad\u00e4n\u00adde\u00adrungs\u00adf\u00e4\u00adhig\u00adkeit von Or\u00adga\u00adni\u00adsa\u00adtio\u00adnen&#8221; background_layout=&#8221;light&#8221; text_orientation=&#8221;left&#8221; text_font_size=&#8221;14&#8243; use_border_color=&#8221;off&#8221; border_color=&#8221;#ffffff&#8221; border_style=&#8221;solid&#8221;]<\/p>\n<h2>Ver\u00ad\u00e4n\u00adde\u00adrungs\u00adf\u00e4\u00adhig\u00adkeit von Or\u00adga\u00adni\u00adsa\u00adtio\u00adnen<\/h2>\n<p>&nbsp;<br \/>\n[\/et_pb_text][\/et_pb_column][\/et_pb_row][et_pb_row admin_label=&#8221;Zeile&#8221;][et_pb_column type=&#8221;2_3&#8243;][et_pb_text admin_label=&#8221;Text&#8221; background_layout=&#8221;light&#8221; text_orientation=&#8221;left&#8221; text_font_size=&#8221;14&#8243; use_border_color=&#8221;off&#8221; border_color=&#8221;#ffffff&#8221; border_style=&#8221;solid&#8221;]<\/p>\n<p>Die Ver\u00ad\u00e4n\u00adde\u00adrungs\u00adf\u00e4\u00adhig\u00adkeit von Or\u00adga\u00adni\u00adsa\u00adtio\u00adnen, also die F\u00e4higkeit sich reibungs\u00adarm, flexibel und ohne allzu gro\u00dfe Verz\u00f6gerung an ver\u00e4nderte Umweltbedingungen (M\u00e4rkte, Kunden, Produkte, Mitbewerber) anzupassen, ist l\u00e4ngst zu einem entscheidenden Wettbewerbsfaktor geworden.<\/p>\n<p>Diese Ver\u00ad\u00e4n\u00adde\u00adrungs\u00adpro\u00adzes\u00adse fordern allen Be\u00adtei\u00adlig\u00adten in Un\u00adter\u00adneh\u00admen eine hohe per\u00ads\u00f6n\u00adli\u00adche Ver\u00ad\u00e4n\u00adde\u00adrungs\u00adbe\u00adreit\u00adschaft ab und ma\u00adchen \u00adda\u00admit auch nicht vor den In\u00aditia\u00adto\u00adren eines Ver\u00ad\u00e4n\u00adde\u00adrungs\u00adpro\u00adzes\u00adses halt. Der Qualit\u00e4t des Ver\u00ad\u00e4n\u00adde\u00adrungs\u00adpro\u00adzes\u00adses kommt her\u00adaus\u00adra\u00adgen\u00adde Bedeutung zu. Diesen Weg zu gestalten, ist ebenso relevant wie die Fest\u00adle\u00adgung der Ziele.<\/p>\n<p>Change Ma\u00adnage\u00adment verbindet die not\u00adwen\u00addi\u00adge Ge\u00adstal\u00adtung des struk\u00adtu\u00adrel\u00adlen Un\u00adter\u00adneh\u00admens-\u200b \/ Be\u00adreich\u00adsum\u00adbaus mit nach\u00adhal\u00adti\u00adger Trans\u00adfor\u00adma\u00adti\u00adon der Un\u00adter\u00adneh\u00admens\u00adkul\u00adtur.<\/p>\n<p>Um Manager auf die Her\u00adaus\u00adfor\u00adde\u00adrun\u00adgen und Tur\u00adbu\u00adlen\u00adzen eines gra\u00advie\u00adren\u00adden Ver\u00ad\u00e4n\u00adde\u00adrungs\u00adpro\u00adzes\u00adses vor\u00adzu\u00adbe\u00adrei\u00adten, hat die frankfur\u00adter gruppe Un\u00adter\u00adneh\u00admens\u00adent\u00adwick\u00adlung ein Cur\u00adri\u00adcu\u00adlum Change Ma\u00adnage\u00adment (CCM) ent\u00adwi\u00adckelt, das Ver\u00adant\u00adwort\u00adli\u00adche bef\u00e4higt, den schwie\u00adri\u00adgen Bal\u00adlan\u00adce\u00adakt radikaler Er\u00adneue\u00adrung und Wei\u00adter\u00adent\u00adwick\u00adlung des Be\u00adste\u00adhen\u00adden zu gestalten.<\/p>\n<p>[\/et_pb_text][\/et_pb_column][et_pb_column type=&#8221;1_3&#8243;][\/et_pb_column][\/et_pb_row][\/et_pb_section][et_pb_section admin_label=&#8221;Sektion&#8221; fullwidth=&#8221;off&#8221; specialty=&#8221;off&#8221;][et_pb_row admin_label=&#8221;Zeile&#8221;][et_pb_column type=&#8221;4_4&#8243;][et_pb_text admin_label=&#8221;Er\u00adfolg\u00adrei\u00adche Curricula der frank\u00adfur\u00adter gruppe&#8221; background_layout=&#8221;light&#8221; text_orientation=&#8221;left&#8221; text_font_size=&#8221;14&#8243; use_border_color=&#8221;off&#8221; border_color=&#8221;#ffffff&#8221; border_style=&#8221;solid&#8221;]<\/p>\n<h2>Er\u00adfolg\u00adrei\u00adche Curricula der frank\u00adfur\u00adter gruppe<\/h2>\n<p>&nbsp;<br \/>\n[\/et_pb_text][\/et_pb_column][\/et_pb_row][et_pb_row admin_label=&#8221;Zeile&#8221;][et_pb_column type=&#8221;2_3&#8243;][et_pb_text admin_label=&#8221;Text&#8221; background_layout=&#8221;light&#8221; text_orientation=&#8221;left&#8221; text_font_size=&#8221;14&#8243; use_border_color=&#8221;off&#8221; border_color=&#8221;#ffffff&#8221; border_style=&#8221;solid&#8221;]<\/p>\n<p>Ein seit 10 Jahren immer wieder wei\u00adter\u00ad ent\u00adwi\u00adckel\u00adtes und eva\u00adlu\u00adier\u00adtes Konzept, mit mehr als 350\u00a0sehr zu\u00adfrie\u00adde\u00adnen Teil\u00adneh\u00admern. Die Durch\u00adf\u00fch\u00adrung des CCM-\u200bPro\u00adjek\u00adtes findet ausschlie\u00dflich durch Change-Berater\u00a0mit mindestens 10 Jahren eigener Be\u00adra\u00adtungs\u00ader\u00adfah\u00adrung in Change Prozessen statt.<\/p>\n<p>[\/et_pb_text][\/et_pb_column][et_pb_column type=&#8221;1_3&#8243;][\/et_pb_column][\/et_pb_row][\/et_pb_section][et_pb_section admin_label=&#8221;Sektion&#8221; fullwidth=&#8221;off&#8221; specialty=&#8221;off&#8221; transparent_background=&#8221;off&#8221; background_color=&#8221;#eeeeee&#8221; allow_player_pause=&#8221;off&#8221; inner_shadow=&#8221;off&#8221; parallax=&#8221;off&#8221; parallax_method=&#8221;off&#8221; padding_mobile=&#8221;off&#8221; make_fullwidth=&#8221;off&#8221; use_custom_width=&#8221;off&#8221; width_unit=&#8221;on&#8221; make_equal=&#8221;off&#8221; use_custom_gutter=&#8221;off&#8221; gutter_width=&#8221;3&#8243;][et_pb_row admin_label=&#8221;Zeile&#8221;][et_pb_column type=&#8221;4_4&#8243;][et_pb_text admin_label=&#8221;Aufbau des Cur\u00adri\u00adcu\u00adl\u00adums&#8221; background_layout=&#8221;light&#8221; text_orientation=&#8221;left&#8221; text_font_size=&#8221;14&#8243; use_border_color=&#8221;off&#8221; border_color=&#8221;#ffffff&#8221; border_style=&#8221;solid&#8221;]<\/p>\n<h2>Aufbau des Cur\u00adri\u00adcu\u00adl\u00adums<\/h2>\n<p>&nbsp;<br \/>\n[\/et_pb_text][\/et_pb_column][\/et_pb_row][et_pb_row admin_label=&#8221;Zeile&#8221;][et_pb_column type=&#8221;2_3&#8243;][et_pb_text admin_label=&#8221;Text&#8221; background_layout=&#8221;light&#8221; text_orientation=&#8221;left&#8221; text_font_size=&#8221;14&#8243; use_border_color=&#8221;off&#8221; border_color=&#8221;#ffffff&#8221; border_style=&#8221;solid&#8221;]<\/p>\n<p>Das Cur\u00adri\u00adcu\u00adlum hat eine Laufzeit von 7\u20139 Monaten und gliedert sich in einen Ori\u00aden\u00adtie\u00adrungs\u00adtag, drei 3-t\u00e4gige Module und drei 1 bis 2-t\u00e4gige Su\u00adper\u00advi\u00adsio\u00adnen. Der Ge\u00adsamt\u00adum\u00adfang betr\u00e4gt 16 Tage. Der Ori\u00aden\u00adtie\u00adrungs\u00adtag ist dem in\u00adhalt\u00adli\u00adchen Programm vor\u00adge\u00adschal\u00adtet, um Kl\u00e4rungs- und Ori\u00aden\u00adtie\u00adrungs\u00adpro\u00adzes\u00adse der Teil\u00adneh\u00admer zu gestalten. Die Module sind die Plattform der the\u00adma\u00adti\u00adschen Be\u00adar\u00adbei\u00adtung mit Theorie Inputs, \u00dcbungs\u00adse\u00adquen\u00adzen, Dis\u00adkus\u00adsi\u00adon und Reflexion zum Change Management. Die Supervisionstage finden in stabilen Gruppen \u00e0 6 Teilnehmern statt. Sie sind als kollegiale Beratung unter Nutzung des Expertenwissens des Supervisors aufgebaut.<\/p>\n<p>[\/et_pb_text][\/et_pb_column][et_pb_column type=&#8221;1_3&#8243;][\/et_pb_column][\/et_pb_row][\/et_pb_section][et_pb_section admin_label=&#8221;Sektion&#8221; fullwidth=&#8221;off&#8221; specialty=&#8221;off&#8221;][et_pb_row admin_label=&#8221;Zeile&#8221;][et_pb_column type=&#8221;4_4&#8243;][et_pb_text admin_label=&#8221;Un\u00adter\u00adneh\u00admens\u00adin\u00addi\u00advi\u00addu\u00adel\u00adle Anpassung&#8221; background_layout=&#8221;light&#8221; text_orientation=&#8221;left&#8221; text_font_size=&#8221;14&#8243; use_border_color=&#8221;off&#8221; border_color=&#8221;#ffffff&#8221; border_style=&#8221;solid&#8221;]<\/p>\n<h2>Un\u00adter\u00adneh\u00admens\u00adin\u00addi\u00advi\u00addu\u00adel\u00adle Anpassung<\/h2>\n<p>&nbsp;<br \/>\n[\/et_pb_text][\/et_pb_column][\/et_pb_row][et_pb_row admin_label=&#8221;Zeile&#8221;][et_pb_column type=&#8221;2_3&#8243;][et_pb_text admin_label=&#8221;Text&#8221; background_layout=&#8221;light&#8221; text_orientation=&#8221;left&#8221; text_font_size=&#8221;14&#8243; use_border_color=&#8221;off&#8221; border_color=&#8221;#ffffff&#8221; border_style=&#8221;solid&#8221;]<br \/>\n&nbsp;<\/p>\n<ul>\n<li style=\"list-style-type: none\">\n<ul>\n<li>Erhebung des konkreten Ent\u00adwick\u00adlungs\u00adbe\u00addarfs im Sektor Change Ma\u00adnage\u00adment f\u00fcr Ihr Un\u00adter\u00adneh\u00admen<\/li>\n<\/ul>\n<\/li>\n<\/ul>\n<p>&nbsp;<\/p>\n<ul>\n<li style=\"list-style-type: none\">\n<ul>\n<li>Ge\u00admein\u00adsa\u00adme Fest\u00adle\u00adgung der in\u00adhalt\u00adli\u00adchen Schwer\u00adpunk\u00adte<\/li>\n<\/ul>\n<\/li>\n<\/ul>\n<p>&nbsp;<\/p>\n<ul>\n<li style=\"list-style-type: none\">\n<ul>\n<li>Sorg\u00adf\u00e4l\u00adti\u00adge Auswahl des Teil\u00adneh\u00admer\u00adkrei\u00adses<\/li>\n<\/ul>\n<\/li>\n<\/ul>\n<p>&nbsp;<\/p>\n<ul>\n<li style=\"list-style-type: none\">\n<ul>\n<li>Er\u00adar\u00adbei\u00adtung der in\u00adhalt\u00adli\u00adchen Fein\u00adkon\u00adzep\u00adti\u00adon des Cur\u00adri\u00adcu\u00adl\u00adums<\/li>\n<\/ul>\n<\/li>\n<\/ul>\n<p>&nbsp;<\/p>\n<ul>\n<li style=\"list-style-type: none\">\n<ul>\n<li>R\u00fcck\u00adkopp\u00adlungs\u00adschlei\u00adfen w\u00e4hrend der Durch\u00adf\u00fch\u00adrung des Cur\u00adri\u00adcu\u00adl\u00adums<\/li>\n<\/ul>\n<\/li>\n<\/ul>\n<p>&nbsp;<\/p>\n<ul>\n<li style=\"list-style-type: none\">\n<ul>\n<li>Be\u00adglei\u00adtung bei der Eva\u00adlua\u00adti\u00adon der Umsetzung<\/li>\n<\/ul>\n<\/li>\n<\/ul>\n<p>&nbsp;<br \/>\n[\/et_pb_text][\/et_pb_column][et_pb_column type=&#8221;1_3&#8243;][\/et_pb_column][\/et_pb_row][\/et_pb_section][et_pb_section admin_label=&#8221;Sektion&#8221; fullwidth=&#8221;off&#8221; specialty=&#8221;off&#8221; transparent_background=&#8221;off&#8221; background_color=&#8221;#eeeeee&#8221; allow_player_pause=&#8221;off&#8221; inner_shadow=&#8221;off&#8221; parallax=&#8221;off&#8221; parallax_method=&#8221;off&#8221; padding_mobile=&#8221;off&#8221; make_fullwidth=&#8221;off&#8221; use_custom_width=&#8221;off&#8221; width_unit=&#8221;on&#8221; make_equal=&#8221;off&#8221; use_custom_gutter=&#8221;off&#8221; gutter_width=&#8221;3&#8243;][et_pb_row admin_label=&#8221;Zeile&#8221;][et_pb_column type=&#8221;4_4&#8243;][et_pb_text admin_label=&#8221;Nutzen f\u00fcr Ihr Un\u00adter\u00adneh\u00admen&#8221; background_layout=&#8221;light&#8221; text_orientation=&#8221;left&#8221; text_font_size=&#8221;14&#8243; use_border_color=&#8221;off&#8221; border_color=&#8221;#ffffff&#8221; border_style=&#8221;solid&#8221;]<\/p>\n<h2>Nutzen f\u00fcr Ihr Un\u00adter\u00adneh\u00admen<\/h2>\n<p>&nbsp;<br \/>\n[\/et_pb_text][\/et_pb_column][\/et_pb_row][et_pb_row admin_label=&#8221;Zeile&#8221;][et_pb_column type=&#8221;2_3&#8243;][et_pb_text admin_label=&#8221;Text&#8221; background_layout=&#8221;light&#8221; text_orientation=&#8221;left&#8221; text_font_size=&#8221;14&#8243; use_border_color=&#8221;off&#8221; border_color=&#8221;#ffffff&#8221; border_style=&#8221;solid&#8221;]<\/p>\n<p>Die Teil\u00adneh\u00admer trans\u00adfe\u00adrie\u00adren das Gelernte direkt in das eigene Projekt und werden su\u00adper\u00advi\u00adso\u00adrisch begleitet. Sie schaffen interne Netzwerke \u00fcber das Ende des Curriculums hinaus.<\/p>\n<p>Das Cur\u00adri\u00adcu\u00adlum verbindet be\u00adtriebs\u00adwirt\u00adschaft\u00adlich\/stra\u00adte\u00adgi\u00adsche Be\u00adtrach\u00adtungs\u00adwei\u00adsen mit sys\u00adte\u00admi\u00adschen Vor\u00adge\u00adhens\u00admo\u00addel\u00adlen.<\/p>\n<p>Die The\u00admen\u00adbe\u00adhand\u00adlung und Schwer\u00adpunkt\u00adset\u00adzung sind an Ihre Un\u00adter\u00adneh\u00admens\u00ader\u00adfor\u00adder\u00adnis\u00adse und -kultur angepasst. Die ein\u00adge\u00adsetz\u00adten Methoden und In\u00adstru\u00admen\u00adte werden von den Teil\u00adneh\u00admern direkt adaptiert.<\/p>\n<p>[\/et_pb_text][\/et_pb_column][et_pb_column type=&#8221;1_3&#8243;][\/et_pb_column][\/et_pb_row][\/et_pb_section][et_pb_section admin_label=&#8221;Sektion&#8221; fullwidth=&#8221;off&#8221; specialty=&#8221;off&#8221;][et_pb_row admin_label=&#8221;Zeile&#8221;][et_pb_column type=&#8221;4_4&#8243;][et_pb_divider admin_label=&#8221;Teiler&#8221; color=&#8221;#164194&#8243; show_divider=&#8221;off&#8221; divider_style=&#8221;solid&#8221; divider_position=&#8221;top&#8221; divider_weight=&#8221;1&#8243; hide_on_mobile=&#8221;on&#8221; height=&#8221;25&#8243;]<\/p>\n<p>&nbsp;<\/p>\n<p>[\/et_pb_divider][et_pb_divider admin_label=&#8221;Teiler&#8221; color=&#8221;#164194&#8243; show_divider=&#8221;on&#8221; divider_style=&#8221;solid&#8221; divider_position=&#8221;top&#8221; divider_weight=&#8221;1&#8243; hide_on_mobile=&#8221;on&#8221;]<\/p>\n<p>&nbsp;<\/p>\n<p>[\/et_pb_divider][\/et_pb_column][\/et_pb_row][et_pb_row admin_label=&#8221;Zeile&#8221;][et_pb_column type=&#8221;2_3&#8243;][et_pb_cta admin_label=&#8221;Handlungsaufruf&#8221; title=&#8221;M\u00f6chten Sie mehr das Cur\u00adri\u00adcu\u00adlum Change Ma\u00adnage\u00adment erfahren?&#8221; button_url=&#8221;\/kontakt\/&#8221; url_new_window=&#8221;off&#8221; button_text=&#8221;Jetzt Beratung vereinbaren!&#8221; use_background_color=&#8221;on&#8221; background_color=&#8221;#5a87b5&#8243; background_layout=&#8221;dark&#8221; text_orientation=&#8221;left&#8221; header_font_size=&#8221;26&#8243; body_font_size=&#8221;14&#8243; use_border_color=&#8221;off&#8221; border_color=&#8221;#ffffff&#8221; border_style=&#8221;solid&#8221; custom_button=&#8221;off&#8221; button_text_size=&#8221;20&#8243; button_border_width=&#8221;2&#8243; button_border_radius=&#8221;0&#8243; button_letter_spacing=&#8221;0&#8243; button_use_icon=&#8221;default&#8221; button_icon_placement=&#8221;right&#8221; button_on_hover=&#8221;on&#8221; button_border_radius_hover=&#8221;3&#8243; button_letter_spacing_hover=&#8221;0&#8243;]<\/p>\n<p><strong>frank\u00adfur\u00adter gruppe Un\u00adter\u00adneh\u00admens\u00adent\u00adwick\u00adlung<\/strong><\/p>\n<p>Mar\u00adtin-\u200bBe\u00adhaim-\u200bStr. 12,<br \/>\n63263 Neu-\u200bIsen\u00adburg<\/p>\n<p>Fon\u00a0\u00a0\u00a0 <a href=\"tel:+4961022023660\">+49 6102 \u2013 202366 0<\/a><br \/>\nEmail: <a href=\"http:\/\/www.frankfurter-gruppe.de\/de\/mim.html?id=\">office@frankfurter-gruppe.de<\/a><\/p>\n<p>[\/et_pb_cta][\/et_pb_column][et_pb_column type=&#8221;1_3&#8243;][et_pb_text admin_label=&#8221;Weiterf\u00fchrende Links&#8221; background_layout=&#8221;light&#8221; text_orientation=&#8221;left&#8221; text_font_size=&#8221;14&#8243; use_border_color=&#8221;off&#8221; border_color=&#8221;#ffffff&#8221; border_style=&#8221;solid&#8221; custom_padding=&#8221;42px|||&#8221;]<\/p>\n<h4>Weiterf\u00fchrende Links<\/h4>\n<p>&nbsp;<\/p>\n<ul>\n<li style=\"list-style-type: none\">\n<ul>\n<li>Download <a href=\"\/wp-content\/uploads\/2016\/02\/Curriculum_Change_Management.pdf\" target=\"_blank\" rel=\"noopener\">Flyer Change Management<\/a><\/li>\n<\/ul>\n<\/li>\n<\/ul>\n<p>&nbsp;<br \/>\n[\/et_pb_text][\/et_pb_column][\/et_pb_row][et_pb_row admin_label=&#8221;Zeile&#8221;][et_pb_column type=&#8221;4_4&#8243;][et_pb_divider admin_label=&#8221;Teiler&#8221; color=&#8221;#164194&#8243; show_divider=&#8221;on&#8221; divider_style=&#8221;solid&#8221; divider_position=&#8221;top&#8221; divider_weight=&#8221;1&#8243; hide_on_mobile=&#8221;on&#8221;]<\/p>\n<p>&nbsp;<\/p>\n<p>[\/et_pb_divider][\/et_pb_column][\/et_pb_row][\/et_pb_section]<\/p>\n","protected":false},"excerpt":{"rendered":"<p>Cur\u00adri\u00adcu\u00adlum Change Ma\u00adnage\u00adment &nbsp; &nbsp; Ein cur\u00adri\u00adcu\u00adla\u00adres Wei\u00adter\u00adent\u00adwick\u00adlungs\u00adan\u00adge\u00adbot f\u00fcr F\u00fch\u00adrungs\u00adkr\u00e4f\u00adte und Pro\u00adjekt\u00adver\u00adant\u00adwort\u00adli\u00adche, die an\u00adspruchs\u00advol\u00adle Ver\u00ad\u00e4n\u00adde\u00adrungs\u00adpro\u00adzes\u00adse durch\u00adf\u00fch\u00adren und ver\u00adant\u00adwor\u00adten. &nbsp; Ver\u00ad\u00e4n\u00adde\u00adrungs\u00adf\u00e4\u00adhig\u00adkeit von Or\u00adga\u00adni\u00adsa\u00adtio\u00adnen &nbsp; Die Ver\u00ad\u00e4n\u00adde\u00adrungs\u00adf\u00e4\u00adhig\u00adkeit von Or\u00adga\u00adni\u00adsa\u00adtio\u00adnen, also die F\u00e4higkeit sich reibungs\u00adarm, flexibel und ohne allzu gro\u00dfe Verz\u00f6gerung an ver\u00e4nderte Umweltbedingungen (M\u00e4rkte, Kunden, Produkte, Mitbewerber) anzupassen, ist l\u00e4ngst zu einem entscheidenden Wettbewerbsfaktor geworden. Diese Ver\u00ad\u00e4n\u00adde\u00adrungs\u00adpro\u00adzes\u00adse [&hellip;]<\/p>\n","protected":false},"author":4,"featured_media":0,"parent":2554,"menu_order":0,"comment_status":"closed","ping_status":"closed","template":"","meta":{"_et_pb_use_builder":"on","_et_pb_old_content":"","_et_gb_content_width":"","footnotes":""},"class_list":["post-2601","page","type-page","status-publish","hentry"],"_links":{"self":[{"href":"https:\/\/frankfurter-gruppe.de\/en\/wp-json\/wp\/v2\/pages\/2601","targetHints":{"allow":["GET"]}}],"collection":[{"href":"https:\/\/frankfurter-gruppe.de\/en\/wp-json\/wp\/v2\/pages"}],"about":[{"href":"https:\/\/frankfurter-gruppe.de\/en\/wp-json\/wp\/v2\/types\/page"}],"author":[{"embeddable":true,"href":"https:\/\/frankfurter-gruppe.de\/en\/wp-json\/wp\/v2\/users\/4"}],"replies":[{"embeddable":true,"href":"https:\/\/frankfurter-gruppe.de\/en\/wp-json\/wp\/v2\/comments?post=2601"}],"version-history":[{"count":0,"href":"https:\/\/frankfurter-gruppe.de\/en\/wp-json\/wp\/v2\/pages\/2601\/revisions"}],"up":[{"embeddable":true,"href":"https:\/\/frankfurter-gruppe.de\/en\/wp-json\/wp\/v2\/pages\/2554"}],"wp:attachment":[{"href":"https:\/\/frankfurter-gruppe.de\/en\/wp-json\/wp\/v2\/media?parent=2601"}],"curies":[{"name":"wp","href":"https:\/\/api.w.org\/{rel}","templated":true}]}}