{"id":2592,"date":"2017-09-28T13:48:53","date_gmt":"2017-09-28T11:48:53","guid":{"rendered":"http:\/\/frankfurter-gruppe.de\/seminars\/curriculum-projektmanagement\/"},"modified":"2017-09-28T14:58:12","modified_gmt":"2017-09-28T12:58:12","slug":"curriculum-projektmanagement","status":"publish","type":"page","link":"https:\/\/frankfurter-gruppe.de\/en\/seminars\/curriculum-projektmanagement\/","title":{"rendered":"Cur\u00adri\u00adcu\u00adlum Project Management"},"content":{"rendered":"<p>[et_pb_section admin_label=&#8221;Sektion&#8221; fullwidth=&#8221;off&#8221; specialty=&#8221;off&#8221;][et_pb_row admin_label=&#8221;Zeile&#8221;][et_pb_column type=&#8221;2_3&#8243;][et_pb_text admin_label=&#8221;Cur\u00adri\u00adcu\u00adlum %22Projekt\u00admanagement%22&#8243; background_layout=&#8221;light&#8221; text_orientation=&#8221;left&#8221; text_font_size=&#8221;14&#8243; use_border_color=&#8221;off&#8221; border_color=&#8221;#ffffff&#8221; border_style=&#8221;solid&#8221;]<\/p>\n<h1>Cur\u00adri\u00adcu\u00adlum &#8220;Projekt\u00admanagement&#8221;<\/h1>\n<p>&nbsp;<\/p>\n<h4>Ganz\u00adheit\u00adli\u00adches Pro\u00adjekt\u00adma\u00adnage\u00adment f\u00fcr erfahrene Pro\u00adjekt\u00adlei\u00adter\/Manager mit stabilen Grund\u00adkennt\u00adnis\u00adsen im Pro\u00adjekt\u00adma\u00adnage\u00adment und aktueller Pro\u00adjekt\u00adver\u00adant\u00adwor\u00adtung.<\/h4>\n<p>&nbsp;<br \/>\n[\/et_pb_text][et_pb_image admin_label=&#8221;Bild&#8221; src=&#8221;http:\/\/frankfurter-gruppe.de\/wp-content\/uploads\/2016\/02\/Cur\u00adri\u00adcu\u00adlum-Projekt\u00admanagement.jpg&#8221; show_in_lightbox=&#8221;off&#8221; url_new_window=&#8221;off&#8221; animation=&#8221;fade_in&#8221; sticky=&#8221;off&#8221; align=&#8221;left&#8221; force_fullwidth=&#8221;off&#8221; always_center_on_mobile=&#8221;on&#8221; use_border_color=&#8221;off&#8221; border_color=&#8221;#ffffff&#8221; border_style=&#8221;solid&#8221;]<\/p>\n<p>[\/et_pb_image][et_pb_text admin_label=&#8221;Text&#8221; background_layout=&#8221;light&#8221; text_orientation=&#8221;left&#8221; text_font_size=&#8221;14&#8243; use_border_color=&#8221;off&#8221; border_color=&#8221;#ffffff&#8221; border_style=&#8221;solid&#8221;]<\/p>\n<p>F\u00fch\u00adrungs\u00adkr\u00e4f\u00adte werden in ihren Un\u00adter\u00adneh\u00admen und Or\u00adga\u00adni\u00adsa\u00adtio\u00adnen immer st\u00e4rker als interne Un\u00adter\u00adneh\u00adme\u00adrIn\u00adnen, als In\u00adtra\u00adpre\u00adneurs gefordert. Sie \u00fcber\u00adneh\u00admen dabei Ver\u00adant\u00adwor\u00adtung f\u00fcr die ziel\u00adori\u00aden\u00adtier\u00adte Ge\u00adstal\u00adtung und Wei\u00adter\u00adent\u00adwick\u00adlung ihrer F\u00fch\u00adrungs\u00adland\u00adschaft mit den darin han\u00addeln\u00adden Personen.<\/p>\n<p>Um diese An\u00adfor\u00adde\u00adrung nach\u00adhal\u00adtig zu ver\u00adwirk\u00adli\u00adchen, brauchen F\u00fch\u00adrungs\u00adkr\u00e4f\u00adte neben ihren Ma\u00adnage\u00adment\u00adf\u00e4\u00adhig\u00adkei\u00adten drei Schl\u00fcs\u00adsel\u00adkom\u00adpe\u00adten\u00adzen:<\/p>\n<ul>\n<li style=\"list-style-type: none;\">\n<ul>\n<li>Ver\u00adant\u00adwor\u00adtung f\u00fcr sich und den eigenen Auf\u00adga\u00adben\u00adbe\u00adreich zu \u00fcber\u00adneh\u00admen und dabei den Blick f\u00fcrs Ganze zu bewahren,<\/li>\n<\/ul>\n<\/li>\n<\/ul>\n<p>&nbsp;<\/p>\n<ul>\n<li style=\"list-style-type: none;\">\n<ul>\n<li>un\u00adter\u00adneh\u00adme\u00adrisch und das bedeutet ri\u00adsi\u00adko\u00adsen\u00adsi\u00adbel zu denken und zu handeln<\/li>\n<\/ul>\n<\/li>\n<\/ul>\n<p>&nbsp;<\/p>\n<ul>\n<li style=\"list-style-type: none;\">\n<ul>\n<li>und die F\u00e4higkeit, Ar\u00adbeits\u00adbe\u00adzie\u00adhun\u00adgen so zu gestalten, dass Selbst\u00ador\u00adga\u00adni\u00adsa\u00adti\u00adon und Selbst\u00adver\u00adant\u00adwor\u00adtung der Mit\u00adar\u00adbei\u00adten\u00adden m\u00f6glich wird.<\/li>\n<\/ul>\n<\/li>\n<\/ul>\n<p>&nbsp;<br \/>\n[\/et_pb_text][\/et_pb_column][et_pb_column type=&#8221;1_3&#8243;][\/et_pb_column][\/et_pb_row][\/et_pb_section][et_pb_section admin_label=&#8221;Sektion&#8221; fullwidth=&#8221;off&#8221; specialty=&#8221;off&#8221; transparent_background=&#8221;off&#8221; background_color=&#8221;#eeeeee&#8221; allow_player_pause=&#8221;off&#8221; inner_shadow=&#8221;off&#8221; parallax=&#8221;off&#8221; parallax_method=&#8221;off&#8221; padding_mobile=&#8221;off&#8221; make_fullwidth=&#8221;off&#8221; use_custom_width=&#8221;off&#8221; width_unit=&#8221;on&#8221; make_equal=&#8221;off&#8221; use_custom_gutter=&#8221;off&#8221; gutter_width=&#8221;3&#8243;][et_pb_row admin_label=&#8221;Zeile&#8221;][et_pb_column type=&#8221;4_4&#8243;][et_pb_text admin_label=&#8221;Pro\u00adjekt\u00adar\u00adbeit als Kern\u00adkom\u00adpe\u00adtenz in Un\u00adter\u00adneh\u00admen&#8221; background_layout=&#8221;light&#8221; text_orientation=&#8221;left&#8221; text_font_size=&#8221;14&#8243; use_border_color=&#8221;off&#8221; border_color=&#8221;#ffffff&#8221; border_style=&#8221;solid&#8221;]<\/p>\n<h2>Pro\u00adjekt\u00adar\u00adbeit als Kern\u00adkom\u00adpe\u00adtenz in Un\u00adter\u00adneh\u00admen<\/h2>\n<p>&nbsp;<br \/>\n[\/et_pb_text][\/et_pb_column][\/et_pb_row][et_pb_row admin_label=&#8221;Zeile&#8221;][et_pb_column type=&#8221;2_3&#8243;][et_pb_text admin_label=&#8221;Text&#8221; background_layout=&#8221;light&#8221; text_orientation=&#8221;left&#8221; text_font_size=&#8221;14&#8243; use_border_color=&#8221;off&#8221; border_color=&#8221;#ffffff&#8221; border_style=&#8221;solid&#8221;]<\/p>\n<p>Pro\u00adjekt\u00adar\u00adbeit wird zunehmend zur Kern\u00adkom\u00adpe\u00adtenz in den Un\u00adter\u00adneh\u00admen. Die wich\u00adtigs\u00adten Ent\u00adwick\u00adlungs-\u200b und Ver\u00ad\u00e4n\u00adde\u00adrungs\u00advor\u00adha\u00adben werden heute in Projekten be\u00adar\u00adbei\u00adtet und nicht in der Re\u00adgel\u00ador\u00adga\u00adni\u00adsa\u00adti\u00adon.<\/p>\n<p>Pro\u00adjekt\u00adma\u00adnage\u00adment ist dann er\u00adfolg\u00adreich, wenn es jenseits der gesetzten Standards die sozialen Dynamiken im Projekt und im Pro\u00adjekt\u00adum\u00adfeld aus\u00adrei\u00adchend be\u00adr\u00fcck\u00adsich\u00adtigt und damit in der Lage ist, der realen Kom\u00adple\u00adxi\u00adt\u00e4t Rechnung zu tragen.<\/p>\n<p>Gleich\u00adzei\u00adtig zeigt die Praxis in der Pro\u00adjekt\u00adar\u00adbeit, dass eine Vielzahl von Projekten nicht in dem geplanten Rahmen zu Ende gef\u00fchrt werden, oder gar ganz scheitern. Interessenkonflikte zwischen Projekt und Linie, auftretende Widerst\u00e4nde w\u00e4hrend der Projektumsetzung oder fehlende Verankerung des Projektes im Umfeld verz\u00f6gern Projekte erheblich.<\/p>\n<p>[\/et_pb_text][\/et_pb_column][et_pb_column type=&#8221;1_3&#8243;][\/et_pb_column][\/et_pb_row][\/et_pb_section][et_pb_section admin_label=&#8221;Sektion&#8221; fullwidth=&#8221;off&#8221; specialty=&#8221;off&#8221;][et_pb_row admin_label=&#8221;Zeile&#8221;][et_pb_column type=&#8221;4_4&#8243;][et_pb_text admin_label=&#8221;Aufbau des Cur\u00adri\u00adcu\u00adl\u00adums&#8221; background_layout=&#8221;light&#8221; text_orientation=&#8221;left&#8221; text_font_size=&#8221;14&#8243; use_border_color=&#8221;off&#8221; border_color=&#8221;#ffffff&#8221; border_style=&#8221;solid&#8221;]<\/p>\n<h2>Aufbau des Cur\u00adri\u00adcu\u00adl\u00adums<\/h2>\n<p>&nbsp;<br \/>\n[\/et_pb_text][\/et_pb_column][\/et_pb_row][et_pb_row admin_label=&#8221;Zeile&#8221;][et_pb_column type=&#8221;2_3&#8243;][et_pb_text admin_label=&#8221;Text&#8221; background_layout=&#8221;light&#8221; text_orientation=&#8221;left&#8221; text_font_size=&#8221;14&#8243; use_border_color=&#8221;off&#8221; border_color=&#8221;#ffffff&#8221; border_style=&#8221;solid&#8221;]<\/p>\n<p>Das Cur\u00adri\u00adcu\u00adlum hat eine Laufzeit von 7-9 Monaten und gliedert sich in einen Ori\u00aden\u00adtie\u00adrungs\u00adtag, vier 2-t\u00e4gige Werk\u00adst\u00e4t\u00adten und drei 1 bis 2-t\u00e4gige Projekt Re\u00adview\u00adta\u00adge. Der Ge\u00adsamt\u00adum\u00adfang betr\u00e4gt 15 Tage f\u00fcr die Teil\u00adneh\u00admer. Der Ori\u00aden\u00adtie\u00adrungs\u00adtag ist dem in\u00adhalt\u00adli\u00adchen Programm vor\u00adge\u00adschal\u00adtet, um Kl\u00e4rungs und Ori\u00aden\u00adtie\u00adrungs\u00adpro\u00adzes\u00adse vom in\u00adhalt\u00adli\u00adchen Arbeiten zu ent\u00adkop\u00adpeln.<\/p>\n<p>Die Werk\u00adst\u00e4t\u00adten geben Raum f\u00fcr in\u00adhalt\u00adli\u00adches Er\u00adar\u00adbei\u00adten von neuen Themen und In\u00adstru\u00admen\u00adten mit Theo\u00adri\u00adein\u00adputs, \u00dcbungs\u00adse\u00adquen\u00adzen, Dis\u00adkus\u00adsi\u00adon und Reflexion rund um ein ganzheitliches Projektmanagement. Die Projekt Reviews finden in stabilen Gruppen \u00e1 6 Teilnehmern gemeinsam mit dem Berater statt und unterst\u00fctzen den Lern\u00adtrans\u00adfer und die Nutzung des Gelernten im eigenen Projekt.<\/p>\n<p>[\/et_pb_text][\/et_pb_column][et_pb_column type=&#8221;1_3&#8243;][\/et_pb_column][\/et_pb_row][\/et_pb_section][et_pb_section admin_label=&#8221;Sektion&#8221; fullwidth=&#8221;off&#8221; specialty=&#8221;off&#8221; transparent_background=&#8221;off&#8221; background_color=&#8221;#eeeeee&#8221; allow_player_pause=&#8221;off&#8221; inner_shadow=&#8221;off&#8221; parallax=&#8221;off&#8221; parallax_method=&#8221;off&#8221; padding_mobile=&#8221;off&#8221; make_fullwidth=&#8221;off&#8221; use_custom_width=&#8221;off&#8221; width_unit=&#8221;on&#8221; make_equal=&#8221;off&#8221; use_custom_gutter=&#8221;off&#8221; gutter_width=&#8221;3&#8243;][et_pb_row admin_label=&#8221;Zeile&#8221;][et_pb_column type=&#8221;4_4&#8243;][et_pb_text admin_label=&#8221;Un\u00adter\u00adneh\u00admens\u00adin\u00addi\u00advi\u00addu\u00adel\u00adle Anpassung&#8221; background_layout=&#8221;light&#8221; text_orientation=&#8221;left&#8221; text_font_size=&#8221;14&#8243; use_border_color=&#8221;off&#8221; border_color=&#8221;#ffffff&#8221; border_style=&#8221;solid&#8221;]<\/p>\n<h2>Un\u00adter\u00adneh\u00admens\u00adin\u00addi\u00advi\u00addu\u00adel\u00adle Anpassung<\/h2>\n<p>&nbsp;<br \/>\n[\/et_pb_text][\/et_pb_column][\/et_pb_row][et_pb_row admin_label=&#8221;Zeile&#8221;][et_pb_column type=&#8221;2_3&#8243;][et_pb_text admin_label=&#8221;Text&#8221; background_layout=&#8221;light&#8221; text_orientation=&#8221;left&#8221; text_font_size=&#8221;14&#8243; use_border_color=&#8221;off&#8221; border_color=&#8221;#ffffff&#8221; border_style=&#8221;solid&#8221;]<br \/>\n&nbsp;<\/p>\n<ul>\n<li style=\"list-style-type: none;\">\n<ul>\n<li>Erhebung des konkreten Ent\u00adwick\u00adlungs\u00adbe\u00addarfs im Sektor Projekt Ma\u00adnage\u00adment f\u00fcr Ihr Un\u00adter\u00adneh\u00admen<\/li>\n<\/ul>\n<\/li>\n<\/ul>\n<p>&nbsp;<\/p>\n<ul>\n<li style=\"list-style-type: none;\">\n<ul>\n<li>Ge\u00admein\u00adsa\u00adme Fest\u00adle\u00adgung der in\u00adhalt\u00adli\u00adchen Schwer\u00adpunk\u00adte<\/li>\n<\/ul>\n<\/li>\n<\/ul>\n<p>&nbsp;<\/p>\n<ul>\n<li style=\"list-style-type: none;\">\n<ul>\n<li>Sorg\u00adf\u00e4l\u00adti\u00adge Auswahl des Teil\u00adneh\u00admer\u00adkrei\u00adses<\/li>\n<\/ul>\n<\/li>\n<\/ul>\n<p>&nbsp;<\/p>\n<ul>\n<li style=\"list-style-type: none;\">\n<ul>\n<li>Er\u00adar\u00adbei\u00adtung der in\u00adhalt\u00adli\u00adchen Fein\u00adkon\u00adzep\u00adti\u00adon des Cur\u00adri\u00adcu\u00adl\u00adums<\/li>\n<\/ul>\n<\/li>\n<\/ul>\n<p>&nbsp;<\/p>\n<ul>\n<li style=\"list-style-type: none;\">\n<ul>\n<li>R\u00fcck\u00adkopp\u00adlungs\u00adschlei\u00adfen w\u00e4hrend der Durch\u00adf\u00fch\u00adrung des Cur\u00adri\u00adcu\u00adl\u00adums<\/li>\n<\/ul>\n<\/li>\n<\/ul>\n<p>&nbsp;<\/p>\n<ul>\n<li style=\"list-style-type: none;\">\n<ul>\n<li>Be\u00adglei\u00adtung bei der Eva\u00adlua\u00adti\u00adon der Umsetzung<\/li>\n<\/ul>\n<\/li>\n<\/ul>\n<p>&nbsp;<\/p>\n<ul>\n<li style=\"list-style-type: none;\">\n<ul>\n<li>Nutzen f\u00fcr Ihr Un\u00adter\u00adneh\u00admen<\/li>\n<\/ul>\n<\/li>\n<\/ul>\n<p>&nbsp;<\/p>\n<ul>\n<li style=\"list-style-type: none;\">\n<ul>\n<li>Her\u00adstel\u00adlen von Ver\u00adbind\u00adlich\u00adkeit bei der ge\u00admein\u00adsa\u00admen Nutzung von Pro\u00adjekt\u00adma\u00adnage\u00adment Standards<\/li>\n<\/ul>\n<\/li>\n<\/ul>\n<p>&nbsp;<\/p>\n<ul>\n<li style=\"list-style-type: none;\">\n<ul>\n<li>Direkter Transfer des Gelernten in die eigenen Projekte<\/li>\n<\/ul>\n<\/li>\n<\/ul>\n<p>&nbsp;<\/p>\n<ul>\n<li style=\"list-style-type: none;\">\n<ul>\n<li>In\u00addi\u00advi\u00addu\u00adel\u00adle Pro\u00adjekt-\u200bRe\u00adviews und Un\u00adter\u00adst\u00fct\u00adzung der teil\u00adneh\u00admen\u00adden Projekte<\/li>\n<\/ul>\n<\/li>\n<\/ul>\n<p>&nbsp;<\/p>\n<ul>\n<li style=\"list-style-type: none;\">\n<ul>\n<li>Schaffung von internen Unterst\u00fctzungsnetzwerken \u00fcber das Programmende hinaus<\/li>\n<\/ul>\n<\/li>\n<\/ul>\n<p>&nbsp;<\/p>\n<ul>\n<li style=\"list-style-type: none;\">\n<ul>\n<li>Ganz\u00adheit\u00adli\u00adches Arbeiten auf allen f\u00fcr das Projekt re\u00adle\u00advan\u00adten Ebenen<\/li>\n<\/ul>\n<\/li>\n<\/ul>\n<p>&nbsp;<br \/>\n[\/et_pb_text][\/et_pb_column][et_pb_column type=&#8221;1_3&#8243;][\/et_pb_column][\/et_pb_row][\/et_pb_section][et_pb_section admin_label=&#8221;Sektion&#8221; fullwidth=&#8221;off&#8221; specialty=&#8221;off&#8221;][et_pb_row admin_label=&#8221;Zeile&#8221;][et_pb_column type=&#8221;4_4&#8243;][et_pb_divider admin_label=&#8221;Teiler&#8221; color=&#8221;#164194&#8243; show_divider=&#8221;off&#8221; divider_style=&#8221;solid&#8221; divider_position=&#8221;top&#8221; divider_weight=&#8221;1&#8243; hide_on_mobile=&#8221;on&#8221; height=&#8221;25&#8243;]<\/p>\n<p>[\/et_pb_divider][et_pb_divider admin_label=&#8221;Teiler&#8221; color=&#8221;#164194&#8243; show_divider=&#8221;on&#8221; divider_style=&#8221;solid&#8221; divider_position=&#8221;top&#8221; divider_weight=&#8221;1&#8243; hide_on_mobile=&#8221;on&#8221;]<\/p>\n<p>[\/et_pb_divider][\/et_pb_column][\/et_pb_row][et_pb_row admin_label=&#8221;Zeile&#8221;][et_pb_column type=&#8221;2_3&#8243;][et_pb_cta admin_label=&#8221;Handlungsaufruf&#8221; title=&#8221;M\u00f6chten Sie mehr \u00fcber das Cur\u00adri\u00adcu\u00adlum %22Projekt\u00admanagement%22 erfahren?&#8221; button_url=&#8221;\/kontakt\/&#8221; url_new_window=&#8221;off&#8221; button_text=&#8221;Jetzt Beratung vereinbaren!&#8221; use_background_color=&#8221;on&#8221; background_color=&#8221;#5a87b5&#8243; background_layout=&#8221;dark&#8221; text_orientation=&#8221;left&#8221; header_font_size=&#8221;26&#8243; body_font_size=&#8221;14&#8243; use_border_color=&#8221;off&#8221; border_color=&#8221;#ffffff&#8221; border_style=&#8221;solid&#8221; custom_button=&#8221;off&#8221; button_text_size=&#8221;20&#8243; button_border_width=&#8221;2&#8243; button_border_radius=&#8221;0&#8243; button_letter_spacing=&#8221;0&#8243; button_use_icon=&#8221;default&#8221; button_icon_placement=&#8221;right&#8221; button_on_hover=&#8221;on&#8221; button_border_radius_hover=&#8221;3&#8243; button_letter_spacing_hover=&#8221;0&#8243;]<\/p>\n<p><strong>frank\u00adfur\u00adter gruppe Un\u00adter\u00adneh\u00admens\u00adent\u00adwick\u00adlung<\/strong><\/p>\n<p>Mar\u00adtin-\u200bBe\u00adhaim-\u200bStr. 12,<br \/>\n63263 Neu-\u200bIsen\u00adburg<\/p>\n<p>Fon\u00a0\u00a0\u00a0 <a href=\"tel:+4961022023660\">+49 6102 \u2013 202366 0<\/a><br \/>\nEmail: <a href=\"http:\/\/www.frankfurter-gruppe.de\/de\/mim.html?id=\">office@frankfurter-gruppe.de<\/a><\/p>\n<p>[\/et_pb_cta][\/et_pb_column][et_pb_column type=&#8221;1_3&#8243;][et_pb_text admin_label=&#8221;Weiterf\u00fchrende Links&#8221; background_layout=&#8221;light&#8221; text_orientation=&#8221;left&#8221; text_font_size=&#8221;14&#8243; use_border_color=&#8221;off&#8221; border_color=&#8221;#ffffff&#8221; border_style=&#8221;solid&#8221; custom_padding=&#8221;42px|||&#8221;]<\/p>\n<h4>Weiterf\u00fchrende Links<\/h4>\n<p>&nbsp;<\/p>\n<ul>\n<li style=\"list-style-type: none;\">\n<ul>\n<li>Download <a href=\"\/wp-content\/uploads\/2016\/02\/Curriculum_Projekt_Management.pdf\">Flyer Curriculum Projekt Management<\/a><\/li>\n<\/ul>\n<\/li>\n<\/ul>\n<p>&nbsp;<br \/>\n[\/et_pb_text][\/et_pb_column][\/et_pb_row][et_pb_row admin_label=&#8221;Zeile&#8221;][et_pb_column type=&#8221;4_4&#8243;][et_pb_divider admin_label=&#8221;Teiler&#8221; color=&#8221;#164194&#8243; show_divider=&#8221;on&#8221; divider_style=&#8221;solid&#8221; divider_position=&#8221;top&#8221; divider_weight=&#8221;1&#8243; hide_on_mobile=&#8221;on&#8221;]<\/p>\n<p>[\/et_pb_divider][\/et_pb_column][\/et_pb_row][\/et_pb_section]<\/p>\n","protected":false},"excerpt":{"rendered":"<p>Cur\u00adri\u00adcu\u00adlum &#8220;Projekt\u00admanagement&#8221; &nbsp; Ganz\u00adheit\u00adli\u00adches Pro\u00adjekt\u00adma\u00adnage\u00adment f\u00fcr erfahrene Pro\u00adjekt\u00adlei\u00adter\/Manager mit stabilen Grund\u00adkennt\u00adnis\u00adsen im Pro\u00adjekt\u00adma\u00adnage\u00adment und aktueller Pro\u00adjekt\u00adver\u00adant\u00adwor\u00adtung. &nbsp; F\u00fch\u00adrungs\u00adkr\u00e4f\u00adte werden in ihren Un\u00adter\u00adneh\u00admen und Or\u00adga\u00adni\u00adsa\u00adtio\u00adnen immer st\u00e4rker als interne Un\u00adter\u00adneh\u00adme\u00adrIn\u00adnen, als In\u00adtra\u00adpre\u00adneurs gefordert. Sie \u00fcber\u00adneh\u00admen dabei Ver\u00adant\u00adwor\u00adtung f\u00fcr die ziel\u00adori\u00aden\u00adtier\u00adte Ge\u00adstal\u00adtung und Wei\u00adter\u00adent\u00adwick\u00adlung ihrer F\u00fch\u00adrungs\u00adland\u00adschaft mit den darin han\u00addeln\u00adden Personen. Um diese An\u00adfor\u00adde\u00adrung nach\u00adhal\u00adtig zu ver\u00adwirk\u00adli\u00adchen, [&hellip;]<\/p>\n","protected":false},"author":4,"featured_media":0,"parent":2554,"menu_order":0,"comment_status":"closed","ping_status":"closed","template":"","meta":{"_et_pb_use_builder":"on","_et_pb_old_content":"","_et_gb_content_width":"","footnotes":""},"class_list":["post-2592","page","type-page","status-publish","hentry"],"_links":{"self":[{"href":"https:\/\/frankfurter-gruppe.de\/en\/wp-json\/wp\/v2\/pages\/2592","targetHints":{"allow":["GET"]}}],"collection":[{"href":"https:\/\/frankfurter-gruppe.de\/en\/wp-json\/wp\/v2\/pages"}],"about":[{"href":"https:\/\/frankfurter-gruppe.de\/en\/wp-json\/wp\/v2\/types\/page"}],"author":[{"embeddable":true,"href":"https:\/\/frankfurter-gruppe.de\/en\/wp-json\/wp\/v2\/users\/4"}],"replies":[{"embeddable":true,"href":"https:\/\/frankfurter-gruppe.de\/en\/wp-json\/wp\/v2\/comments?post=2592"}],"version-history":[{"count":0,"href":"https:\/\/frankfurter-gruppe.de\/en\/wp-json\/wp\/v2\/pages\/2592\/revisions"}],"up":[{"embeddable":true,"href":"https:\/\/frankfurter-gruppe.de\/en\/wp-json\/wp\/v2\/pages\/2554"}],"wp:attachment":[{"href":"https:\/\/frankfurter-gruppe.de\/en\/wp-json\/wp\/v2\/media?parent=2592"}],"curies":[{"name":"wp","href":"https:\/\/api.w.org\/{rel}","templated":true}]}}