{"id":2449,"date":"2017-09-28T10:56:10","date_gmt":"2017-09-28T08:56:10","guid":{"rendered":"http:\/\/frankfurter-gruppe.de\/ueber-uns\/managing-partner\/dr-andreas-amann\/"},"modified":"2017-09-28T11:01:20","modified_gmt":"2017-09-28T09:01:20","slug":"dr-andreas-amann","status":"publish","type":"page","link":"https:\/\/frankfurter-gruppe.de\/en\/ueber-uns\/managing-partner\/dr-andreas-amann\/","title":{"rendered":"Dr. Andreas Amann"},"content":{"rendered":"<p>[et_pb_section bb_built=&#8221;1&#8243; admin_label=&#8221;section&#8221;][et_pb_row admin_label=&#8221;row&#8221;][et_pb_column type=&#8221;4_4&#8243;][et_pb_text admin_label=&#8221;Amann&#8221; background_layout=&#8221;light&#8221; text_orientation=&#8221;left&#8221; text_font_size=&#8221;14&#8243; use_border_color=&#8221;off&#8221; border_color=&#8221;#ffffff&#8221; border_style=&#8221;solid&#8221;]<\/p>\n<h1>Dr.\u00a0Andreas Amann<\/h1>\n<p>&nbsp;<\/p>\n<h3><em>Managing Partner<\/em><\/h3>\n<p>&nbsp;<br \/>\n[\/et_pb_text][\/et_pb_column][\/et_pb_row][et_pb_row admin_label=&#8221;Zeile&#8221;][et_pb_column type=&#8221;2_3&#8243;][et_pb_image admin_label=&#8221;Amann&#8221; src=&#8221;http:\/\/frankfurter-gruppe.de\/wp-content\/uploads\/2016\/09\/M_-2Amann.jpg&#8221; alt=&#8221;Dr. Andreas Amann&#8221; show_in_lightbox=&#8221;off&#8221; url=&#8221;\/ueber-uns\/managing-partner\/dr-andreas-amann\/&#8221; url_new_window=&#8221;off&#8221; animation=&#8221;off&#8221; sticky=&#8221;off&#8221; align=&#8221;left&#8221; force_fullwidth=&#8221;off&#8221; always_center_on_mobile=&#8221;on&#8221; use_border_color=&#8221;off&#8221; border_color=&#8221;#ffffff&#8221; border_style=&#8221;solid&#8221; \/][\/et_pb_column][et_pb_column type=&#8221;1_3&#8243;][et_pb_text admin_label=&#8221;Amann&#8221; background_layout=&#8221;light&#8221; text_orientation=&#8221;left&#8221; use_border_color=&#8221;off&#8221; border_color=&#8221;#ffffff&#8221; border_style=&#8221;solid&#8221;]<\/p>\n<h3>Understand, what is.<\/h3>\n<h3>Explore, what could be.<\/h3>\n<h3>Take responsibility for how it should be.<\/h3>\n<p>[\/et_pb_text][\/et_pb_column][\/et_pb_row][\/et_pb_section][et_pb_section bb_built=&#8221;1&#8243; admin_label=&#8221;Sektion&#8221; fullwidth=&#8221;off&#8221; specialty=&#8221;off&#8221; transparent_background=&#8221;off&#8221; background_color=&#8221;#eeeeee&#8221; allow_player_pause=&#8221;off&#8221; inner_shadow=&#8221;off&#8221; parallax=&#8221;off&#8221; parallax_method=&#8221;off&#8221; padding_mobile=&#8221;off&#8221; make_fullwidth=&#8221;off&#8221; use_custom_width=&#8221;off&#8221; width_unit=&#8221;on&#8221; make_equal=&#8221;off&#8221; use_custom_gutter=&#8221;off&#8221; gutter_width=&#8221;3&#8243;][et_pb_row admin_label=&#8221;Zeile&#8221; make_fullwidth=&#8221;off&#8221; use_custom_width=&#8221;off&#8221; width_unit=&#8221;on&#8221; use_custom_gutter=&#8221;off&#8221; gutter_width=&#8221;3&#8243; padding_mobile=&#8221;off&#8221; allow_player_pause=&#8221;off&#8221; parallax=&#8221;off&#8221; parallax_method=&#8221;off&#8221; make_equal=&#8221;on&#8221; parallax_1=&#8221;off&#8221; parallax_method_1=&#8221;off&#8221; background_color_1=&#8221;#ffffff&#8221; padding_top_1=&#8221;20px&#8221; padding_right_1=&#8221;20px&#8221; padding_bottom_1=&#8221;20px&#8221; padding_left_1=&#8221;20px&#8221; parallax_2=&#8221;off&#8221; parallax_method_2=&#8221;off&#8221; background_color_2=&#8221;#ffffff&#8221; padding_top_2=&#8221;20px&#8221; padding_right_2=&#8221;20px&#8221; padding_bottom_2=&#8221;20px&#8221; padding_left_2=&#8221;20px&#8221; parallax_3=&#8221;off&#8221; parallax_method_3=&#8221;off&#8221; background_color_3=&#8221;#ffffff&#8221; padding_top_3=&#8221;20px&#8221; padding_right_3=&#8221;20px&#8221; padding_bottom_3=&#8221;20px&#8221; padding_left_3=&#8221;20px&#8221; column_padding_mobile=&#8221;on&#8221;][et_pb_column type=&#8221;1_3&#8243;][et_pb_text admin_label=&#8221;Text&#8221; background_layout=&#8221;light&#8221; text_orientation=&#8221;left&#8221; use_border_color=&#8221;off&#8221; border_color=&#8221;#ffffff&#8221; border_style=&#8221;solid&#8221;]<\/p>\n<p>Dr. Amann is a specialist in designing architectures and processes that allow for transparency and clarification, deliberation and reflection.<\/p>\n<p>Curiosity, humour, diligence and straightness are essential to these designs and their implementation. The treasure of philosophy and fifteen years of experience in social science and research have influenced his current work on the presence and future of organizations.<\/p>\n<p>[\/et_pb_text][\/et_pb_column][et_pb_column type=&#8221;1_3&#8243;][et_pb_text admin_label=&#8221;Text&#8221; background_layout=&#8221;light&#8221; text_orientation=&#8221;left&#8221; use_border_color=&#8221;off&#8221; border_color=&#8221;#ffffff&#8221; border_style=&#8221;solid&#8221;]<\/p>\n<p>Whenever people start to explore themselves in the context of their organization, there is an emerging potential for change, that is fascinating in its powerfulness. The use of this power for the development of people and organizations is central to his consulting work and trainings.<\/p>\n<p>[\/et_pb_text][\/et_pb_column][et_pb_column type=&#8221;1_3&#8243;][et_pb_text admin_label=&#8221;Text&#8221; background_layout=&#8221;light&#8221; text_orientation=&#8221;left&#8221; text_font_size=&#8221;14&#8243; use_border_color=&#8221;off&#8221; border_color=&#8221;#ffffff&#8221; border_style=&#8221;solid&#8221;]<\/p>\n<p><b>Working languages<\/b>: German (native), English (fluent)<\/p>\n<p>[\/et_pb_text][\/et_pb_column][\/et_pb_row][\/et_pb_section][et_pb_section bb_built=&#8221;1&#8243; admin_label=&#8221;Sektion&#8221; fullwidth=&#8221;off&#8221; specialty=&#8221;off&#8221; transparent_background=&#8221;off&#8221; background_color=&#8221;#ffffff&#8221; allow_player_pause=&#8221;off&#8221; inner_shadow=&#8221;off&#8221; parallax=&#8221;off&#8221; parallax_method=&#8221;off&#8221; padding_mobile=&#8221;off&#8221; make_fullwidth=&#8221;off&#8221; use_custom_width=&#8221;off&#8221; width_unit=&#8221;on&#8221; make_equal=&#8221;off&#8221; use_custom_gutter=&#8221;off&#8221; gutter_width=&#8221;3&#8243;][et_pb_row admin_label=&#8221;Zeile&#8221;][et_pb_column type=&#8221;1_3&#8243;][et_pb_text admin_label=&#8221;Qualifikationen&#8221; background_layout=&#8221;light&#8221; text_orientation=&#8221;left&#8221; use_border_color=&#8221;off&#8221; border_color=&#8221;#ffffff&#8221; border_style=&#8221;solid&#8221;]<\/p>\n<h3>Qualifications<\/h3>\n<ul>\n<li><b>Systemic organizational consulting <\/b>(Man\u00adage\u00adment Center Vo\u00adrarl\u00adberg)<\/li>\n<li><b>Solutions-oriented consulting (<\/b>Steve de Shazer, Insoo Kim Berg)<\/li>\n<li>Group analysis (IGA, Hei\u00addel\u00adberg)<\/li>\n<li><b>Trainer for group dynamics <\/b>(DAGG\/DGGO)<\/li>\n<li><b>Large group events <\/b>(Achtnich Ass., Z\u00fcrich)<\/li>\n<li>Organizational constellations (Gunthard Weber)<\/li>\n<\/ul>\n<p>[\/et_pb_text][\/et_pb_column][et_pb_column type=&#8221;1_3&#8243;][et_pb_text admin_label=&#8221;Werdegang&#8221; background_layout=&#8221;light&#8221; text_orientation=&#8221;left&#8221; use_border_color=&#8221;off&#8221; border_color=&#8221;#ffffff&#8221; border_style=&#8221;solid&#8221;]<\/p>\n<h3>Professional CV<\/h3>\n<ul>\n<li>Studies in philosophy, sociology and Islam in Freiburg, Damascus, Grenoble, Frankfurt, Ph.D. thesis on group dynamics<\/li>\n<li>1988 &#8211; 1990 Senior research fellow with Prof. Habermas<\/li>\n<li>1993 &#8211; 2001 <b>Director Organizational and People Development <\/b>at Diocese Rot\u00adten\u00adburg-\u200bStuttgart<\/li>\n<li>Since 2001 freelance consulting in Austria, Germany and Switzerland<\/li>\n<li>Organizational Consultant, trainer, <b>learning coach for leadership development <\/b><b>programmes<\/b>, lecturer, coach<\/li>\n<li><b>Since 2009: Partner <\/b><b>fra<\/b><b>nkfurter<\/b><b> gruppe Unternehmensentwicklung<\/b><\/li>\n<\/ul>\n<p>[\/et_pb_text][\/et_pb_column][et_pb_column type=&#8221;1_3&#8243;][et_pb_text admin_label=&#8221;T\u00e4tigkeitsschwerpunkte&#8221; background_layout=&#8221;light&#8221; text_orientation=&#8221;left&#8221; use_border_color=&#8221;off&#8221; border_color=&#8221;#ffffff&#8221; border_style=&#8221;solid&#8221;]<\/p>\n<h3>Expertise &amp; focus<\/h3>\n<ul>\n<li><b>Leadership development programs<\/b><\/li>\n<li><b>Self-organizing leadership development<\/b><\/li>\n<li>Team development<\/li>\n<li>Coaching<\/li>\n<li><b>Designs and implementation of processes of Organizational Learning<\/b><\/li>\n<li>Diagnosis of teams, systems and organizations<\/li>\n<li>Cultural due diligence<\/li>\n<li>Systems theory and systemic consulting<\/li>\n<\/ul>\n<p>[\/et_pb_text][\/et_pb_column][\/et_pb_row][et_pb_row admin_label=&#8221;Zeile&#8221;][et_pb_column type=&#8221;4_4&#8243;][et_pb_text admin_label=&#8221;Ver\u00f6ffentlichungen&#8221; background_layout=&#8221;light&#8221; text_orientation=&#8221;left&#8221; use_border_color=&#8221;off&#8221; border_color=&#8221;#ffffff&#8221; border_style=&#8221;solid&#8221;]<\/p>\n<h3>Publications<\/h3>\n<ul>\n<li>Der Prozess des Diagnostizierens. Wie untersuche ich eine Gruppe? In: Alles \u00fcber Gruppen. Hg. von Cornelia Edding und Karl Schattenhofer, M\u00fcnchen, 2009.<\/li>\n<li>Der Zukunft auf der Spur. Wie Zukunftsbilder das Handeln in Organisationen pr\u00e4gen. In: Aufgabe Zukunft. Vers\u00e4umen, planen, erm\u00f6glichen. Hg. von C. Mandl und K. Sohm, Z\u00fcrich, 2006.<\/li>\n<li>Wer denkt, lebt in der Zukunft. In: Aufgabe Zukunft. Vers\u00e4umen, planen, erm\u00f6glichen. In: Aufgabe Zukunft. Vers\u00e4umen, planen, erm\u00f6glichen. Hg. von C. Mandl und K. Sohm, Z\u00fcrich, 2006.<\/li>\n<li>Gruppenprozesse verstehen. Zusammen mit Klaus Antons u.a., Opladen, 2001<\/li>\n<\/ul>\n<p>[\/et_pb_text][\/et_pb_column][\/et_pb_row][\/et_pb_section]<\/p>\n","protected":false},"excerpt":{"rendered":"<p>Dr.\u00a0Andreas Amann &nbsp; Managing Partner &nbsp; Understand, what is. Explore, what could be. Take responsibility for how it should be. Dr. Amann is a specialist in designing architectures and processes that allow for transparency and clarification, deliberation and reflection. Curiosity, humour, diligence and straightness are essential to these designs and their implementation. The treasure of [&hellip;]<\/p>\n","protected":false},"author":4,"featured_media":0,"parent":2396,"menu_order":0,"comment_status":"closed","ping_status":"closed","template":"","meta":{"_et_pb_use_builder":"on","_et_pb_old_content":"","_et_gb_content_width":"","footnotes":""},"class_list":["post-2449","page","type-page","status-publish","hentry"],"_links":{"self":[{"href":"https:\/\/frankfurter-gruppe.de\/en\/wp-json\/wp\/v2\/pages\/2449","targetHints":{"allow":["GET"]}}],"collection":[{"href":"https:\/\/frankfurter-gruppe.de\/en\/wp-json\/wp\/v2\/pages"}],"about":[{"href":"https:\/\/frankfurter-gruppe.de\/en\/wp-json\/wp\/v2\/types\/page"}],"author":[{"embeddable":true,"href":"https:\/\/frankfurter-gruppe.de\/en\/wp-json\/wp\/v2\/users\/4"}],"replies":[{"embeddable":true,"href":"https:\/\/frankfurter-gruppe.de\/en\/wp-json\/wp\/v2\/comments?post=2449"}],"version-history":[{"count":0,"href":"https:\/\/frankfurter-gruppe.de\/en\/wp-json\/wp\/v2\/pages\/2449\/revisions"}],"up":[{"embeddable":true,"href":"https:\/\/frankfurter-gruppe.de\/en\/wp-json\/wp\/v2\/pages\/2396"}],"wp:attachment":[{"href":"https:\/\/frankfurter-gruppe.de\/en\/wp-json\/wp\/v2\/media?parent=2449"}],"curies":[{"name":"wp","href":"https:\/\/api.w.org\/{rel}","templated":true}]}}